{"id":10262,"date":"2018-01-12T22:47:31","date_gmt":"2018-01-12T23:47:31","guid":{"rendered":"http:\/\/www.azoreswhalewatch.com\/?page_id=10262"},"modified":"2025-11-11T23:46:53","modified_gmt":"2025-11-12T00:46:53","slug":"contactos","status":"publish","type":"page","link":"https:\/\/www.azoreswhalewatch.com\/pt-pt\/contactos","title":{"rendered":"Contactos"},"content":{"rendered":"\n\t<div id=\"fws_69e17e2e31c4f\" class=\"full-width-section standard_section  \" style=\"background-color: #fff; padding-top: 40px; padding-bottom: 30px; \"> \n\n\t<div class=\"row-bg-wrap\"> <div class=\"row-bg  using-bg-color \" style=\"\"><\/div> <\/div>\n\n    <div class=\"col span_12 dark\">\n<div class=\"col span_6\" data-animation=\"\" data-delay=\"0\">\n<div id=\"contact-us-page-detail\">\n<h2>Chat de Apoio<\/h2>\n<p><a href=\"https:\/\/www.messenger.com\/login.php?next=https%3A%2F%2Fwww.messenger.com%2Ft%2F778132172276733%2F%3Fmessaging_source%3Dsource%253Apages%253Amessage_shortlink\" target=\"_blank\" rel=\"me noopener\"><img src=\"https:\/\/cdn2.iconfinder.com\/data\/icons\/social-icons-33\/128\/Facebook_Messenger-48.png\" title=\"Facebook Messenger\" alt=\u201cFacebook Messenger\u201d width=\"48px\" height=\"48px\" style=\"height:48px;width:48px\"\/><\/a><a href=\"https:\/\/api.whatsapp.com\/send?phone=351913453030&#038;text=\" target=\"_blank\" rel=\"me noopener\"><img src=\"https:\/\/cdn2.iconfinder.com\/data\/icons\/social-icons-33\/128\/WhatsApp-48.png\" title=\"WhatsApp\" alt=\u201cWhatsApp\u201d width=\"48px\" height=\"48px\" style=\"height:48px;width:48px\"\/><\/a><\/p>\n<p class=\"bottom-line-availability\">* [08:00 &#8211; 20:00]\n<\/div>\n<div id=\"contact-us-page-detail\" style=\"float:right;\">\n<h2>Confirma\u00e7\u00e3o Imediata<\/h2>\n<p><a class=\"nectar-button medium extra-color-2 regular-button button-booking rezdy rezdy-modal\" href=\"https:\/\/terraazul.rezdy.com?lang=pt#\" title=\"Reservar Online\" rel=\"me\" data-color-override=\"false\" data-hover-color-override=\"false\" data-hover-text-color-override=\"#fff\" style=\"visibility: visible;\">Reservar Online<\/a><\/p>\n<p class=\"bottom-line-availability\">* dispon\u00edvel 24\/7<\/p>\n<\/div>\n<div id=\"contact-us-page-content\">\n<h1>Envie-nos uma Mensagem<\/h1>\n<div role=\"form\" class=\"wpcf7\" id=\"wpcf7-f10291-o1\" lang=\"en-US\" dir=\"ltr\">\n<div class=\"screen-reader-response\"><\/div>\n<form action=\"\/pt-pt\/wp-json\/wp\/v2\/pages\/10262#wpcf7-f10291-o1\" method=\"post\" class=\"wpcf7-form\" novalidate=\"novalidate\">\n<div style=\"display: none;\">\n<input type=\"hidden\" name=\"_wpcf7\" value=\"10291\" \/>\n<input type=\"hidden\" name=\"_wpcf7_version\" value=\"5.0\" \/>\n<input type=\"hidden\" name=\"_wpcf7_locale\" value=\"en_US\" \/>\n<input type=\"hidden\" name=\"_wpcf7_unit_tag\" value=\"wpcf7-f10291-o1\" \/>\n<input type=\"hidden\" name=\"_wpcf7_container_post\" value=\"0\" \/>\n<\/div>\n<div id=\"responsive-form\" class=\"clearfix\">\n<div class=\"form-row\">\n<span id=\"wpcf7-69e17e2e3270a-wrapper\" class=\"wpcf7-form-control-wrap email-address-wrap\" ><label for=\"wpcf7-69e17e2e3270a-field\" class=\"hp-message\">Please leave this field empty.<\/label><input id=\"wpcf7-69e17e2e3270a-field\"  class=\"wpcf7-form-control wpcf7-text\" type=\"text\" name=\"email-address\" value=\"\" size=\"40\" tabindex=\"-1\" autocomplete=\"new-password\" \/><\/span><\/p>\n<div class=\"column-full\"><span class=\"wpcf7-form-control-wrap your-name\"><input type=\"text\" name=\"your-name\" value=\"\" size=\"40\" class=\"wpcf7-form-control wpcf7-text\" aria-invalid=\"false\" placeholder=\"Seu Nome\" \/><\/span><\/div>\n<\/div>\n<div class=\"form-row\">\n<div class=\"column-half\"><span class=\"wpcf7-form-control-wrap your-email\"><input type=\"email\" name=\"your-email\" value=\"\" size=\"40\" class=\"wpcf7-form-control wpcf7-text wpcf7-email wpcf7-validates-as-required wpcf7-validates-as-email\" aria-required=\"true\" aria-invalid=\"false\" placeholder=\"Seu Endere\u00e7o de Email (necess\u00e1rio)\" \/><\/span><\/div>\n<div class=\"column-half\"><span class=\"wpcf7-form-control-wrap your-phone\"><input type=\"tel\" name=\"your-phone\" value=\"\" size=\"40\" class=\"wpcf7-form-control wpcf7-text wpcf7-tel wpcf7-validates-as-tel\" aria-invalid=\"false\" placeholder=\"Seu Numero de Telefone (recomendado)\" \/><\/span><\/div>\n<\/div>\n<div class=\"form-row\">\n<div class=\"column-half\">Interessado em:<span class=\"wpcf7-form-control-wrap your-tours\"><select name=\"your-tours\" class=\"wpcf7-form-control wpcf7-select\" aria-invalid=\"false\"><option value=\"Todos os Tours\">Todos os Tours<\/option><option value=\"Ver Baleias e Golfinhos\">Ver Baleias e Golfinhos<\/option><option value=\"Ver Aves Marinhas\">Ver Aves Marinhas<\/option><option value=\"Nadar com Golfinhos\">Nadar com Golfinhos<\/option><option value=\"Full-day Baleias e explorar Ilh\u00e9u de Vila Franca\">Full-day Baleias e explorar Ilh\u00e9u de Vila Franca<\/option><option value=\"Full-day Baleias e explorar Vulc\u00e3o Lagoa do Fogo\">Full-day Baleias e explorar Vulc\u00e3o Lagoa do Fogo<\/option><option value=\"Tour Privado \u00e0 Vida Marinha\">Tour Privado \u00e0 Vida Marinha<\/option><\/select><\/span><\/div>\n<div class=\"column-half\">Idioma Pretendido:<span class=\"wpcf7-form-control-wrap your-language\"><select name=\"your-language\" class=\"wpcf7-form-control wpcf7-select\" aria-invalid=\"false\"><option value=\"Ingl\u00eas (oficial)\">Ingl\u00eas (oficial)<\/option><option value=\"Alem\u00e3o\">Alem\u00e3o<\/option><option value=\"Franc\u00eas\">Franc\u00eas<\/option><option value=\"Portugu\u00eas\">Portugu\u00eas<\/option><option value=\"Espanhol\">Espanhol<\/option><option value=\"Italiano\">Italiano<\/option><option value=\"Holand\u00eas\">Holand\u00eas<\/option><\/select><\/span><\/div>\n<\/div>\n<div class=\"form-row\" style=\"overflow-x:auto;padding: 0.40rem;\">\n<table id=\"transparentable2\">\n<tr>\n<td>Adultos: <span class=\"wpcf7-form-control-wrap number-adults\"><input type=\"number\" name=\"number-adults\" value=\"1\" class=\"wpcf7-form-control wpcf7-number wpcf7-validates-as-number\" min=\"1\" step=\"1\" aria-invalid=\"false\" \/><\/span><\/td>\n<td>Crian\u00e7as: <span class=\"wpcf7-form-control-wrap number-kids\"><input type=\"number\" name=\"number-kids\" value=\"0\" class=\"wpcf7-form-control wpcf7-number wpcf7-validates-as-number cf7-pxnumber\" min=\"0\" step=\"1\" aria-invalid=\"false\" \/><\/span> (\u2264 13 anos)<\/td>\n<td>Data Pretendida:<span class=\"wpcf7-form-control-wrap pref-date\"><input type=\"date\" name=\"pref-date\" value=\"\" class=\"wpcf7-form-control wpcf7-date wpcf7-validates-as-date\" min=\"2026-04-17\" aria-invalid=\"false\" \/><\/span><\/td>\n<\/tr>\n<\/table>\n<\/div>\n<div class=\"form-row\">\n<div class=\"column-full\"><span class=\"wpcf7-form-control-wrap need-transfer\"><span class=\"wpcf7-form-control wpcf7-checkbox\"><span class=\"wpcf7-list-item first last\"><label><input type=\"checkbox\" name=\"need-transfer[]\" value=\"Preciso de Transporte.\" \/><span class=\"wpcf7-list-item-label\">Preciso de Transporte.<\/span><\/label><\/span><\/span><\/span><\/div>\n<div class=\"column-full\"><span class=\"wpcf7-form-control-wrap your-message\"><textarea name=\"your-message\" cols=\"40\" rows=\"10\" class=\"wpcf7-form-control wpcf7-textarea\" aria-invalid=\"false\" placeholder=\"Sua Mensagem...\"><\/textarea><\/span><\/div>\n<\/div>\n<div class=\"form-row\">\n<div class=\"column-half\"><\/div>\n<div class=\"column-half\"><span class=\"wpcf7-form-control-wrap your-code\"><input type=\"text\" name=\"your-code\" value=\"\" size=\"40\" class=\"wpcf7-form-control wpcf7-text\" id=\"cf7-code\" aria-invalid=\"false\" placeholder=\"CODIGO (se aplic\u00e1vel)\" \/><\/span><\/div>\n<\/div>\n<div class=\"form-row\">\n<div class=\"column-full\">* Por favor forne\u00e7a sempre o seu Hotel e Quarto, e per\u00edodo da sua estadia.<\/div>\n<div class=\"column-full\"><span class=\"wpcf7-form-control-wrap terms-acceptance\"><span class=\"wpcf7-form-control wpcf7-acceptance\" id=\"termsconditions\"><span class=\"wpcf7-list-item\"><input type=\"checkbox\" name=\"terms-acceptance\" value=\"1\" aria-invalid=\"false\" checked=\"checked\" \/><\/span><\/span><\/span> Li e aceito os <a target='_blank' href='\/pt-pt\/termos-condicoes\/'><u>Termos & Condi\u00e7\u00f5es<\/u><\/a> (necess\u00e1rio).<\/div>\n<div class=\"column-full\"><input type=\"submit\" value=\"Enviar\" class=\"wpcf7-form-control wpcf7-submit\" \/><\/div>\n<\/div>\n<\/div>\n<div class=\"wpcf7-response-output wpcf7-display-none\"><\/div><\/form><\/div>\n<\/p><\/div>\n<\/div>\n<div class=\"col span_6 col_last\" data-animation=\"\" data-delay=\"0\">\n<div id=\"contact-us-page-detail\">\n<h2>Fale Connosco<\/h2>\n<a class=\"nectar-button medium accent-color regular-button\" target=\"_blank\" href=\"tel:+351913453030\" data-color-override=\"#676767\" data-hover-color-override=\"false\" data-hover-text-color-override=\"#fff\"><span>+351 913 453 030<\/span><\/a>\n<p class=\"bottom-line-availability\">* [08:00 &#8211; 20:00]\n<\/div>\n<div id=\"contact-us-page-detail\" style=\"float:right;background-color:inherit;\">\n<h2>Encontre-nos<\/h2>\n<a class=\"nectar-button medium accent-color regular-button\" target=\"_blank\" href=\"https:\/\/maps.google.com?saddr=Current+Location&amp;daddr=Terra+Azul+Azores\" data-color-override=\"#676767\" data-hover-color-override=\"false\" data-hover-text-color-override=\"#fff\"><span>Obter Dire\u00e7\u00f5es<\/span><\/a>\n<p class=\"bottom-line-availability\">* [08:00 &#8211; 20:00] (Out-Mar 18:00) <\/p>\n<\/div>\n<div id=\"contact-us-page-content\">\n<h1>A Nossa Base<\/h1>\n<p><iframe src=\"https:\/\/www.google.com\/maps\/embed?pb=!1m14!1m8!1m3!1d3156.1799398162557!2d-25.429741999999997!3d37.715454!3m2!1i1024!2i768!4f13.1!3m3!1m2!1s0xb5d266093979d53%3A0xae08a10bb68ea683!2sTerra+Azul+Azores+Whale+Watching!5e0!3m2!1sen!2spt!4v1427901150760\" width=\"100%\" height=\"400px\" frameborder=\"0\" style=\"border: 1px solid #efefef;padding: 5px;\"><\/iframe><\/p>\n<div class=\"contact-us-inner\">\n<h3>Localiza\u00e7\u00e3o<\/h3>\n<address>\nMarina Vila Franca do Campo 4<br \/>\n9680-187 Ilha de S\u00e3o Miguel<br \/>\nIlhas dos A\u00e7ores \u2013 Portugal<br \/>\n<\/address>\n<\/div>\n<div class=\"contact-us-inner\" style=\"float:right;\">\n<h3>Contactos<\/h3>\n<p><strong>Reservas: +351 913 453 030<\/strong><br \/>\n<strong>Telefone:<\/strong> +351 296 581 361<br \/>\n<strong>Email:<\/strong> info@azoreswhalewatch.com\n<\/div>\n<div class=\"contact-us-inner\" style=\"width:100%;border:none;font-size:85%;\">\n<strong>De Ponta Delgada<\/strong> centro por autom\u00f3vel, siga para Este por 20 minutos ao longo da costa seguindo dire\u00e7\u00f5es para Vila Franca do Campo. Quando em Vila Franca do Campo, des\u00e7a at\u00e9 ao Mar e Marina onde encontrar\u00e1 nossa Base e Barcos Amarelos estacionados.<br \/>\n<strong>GPS:<\/strong> 37.715780, -25.429745\n<\/div>\n<\/div>\n<\/div><div class=\"clear\"><\/div><\/div><\/div>\n","protected":false},"excerpt":{"rendered":"","protected":false},"author":41,"featured_media":25887,"parent":0,"menu_order":0,"comment_status":"closed","ping_status":"closed","template":"","meta":[],"yoast_head":"<!-- This site is optimized with the Yoast SEO plugin v17.9 - https:\/\/yoast.com\/wordpress\/plugins\/seo\/ -->\n<title>Contactos - TERRA AZUL\u2122<\/title>\n<meta name=\"description\" content=\"Procurando um Operador de Eco-Tours nas ilhas dos A\u00e7ores - Portugal? A TERRA AZUL \u00e9 18+ anos experiente, especializada em Observa\u00e7\u00e3o de Cet\u00e1ceos, e em experi\u00eancias tur\u00edsticas educacionais e interativas.\" \/>\n<meta name=\"robots\" content=\"index, follow, max-snippet:-1, max-image-preview:large, max-video-preview:-1\" \/>\n<link rel=\"canonical\" href=\"https:\/\/www.azoreswhalewatch.com\/pt-pt\/contactos\" \/>\n<meta property=\"og:locale\" content=\"pt_PT\" \/>\n<meta property=\"og:type\" content=\"article\" \/>\n<meta property=\"og:title\" content=\"Contactos - TERRA AZUL\u2122\" \/>\n<meta property=\"og:description\" content=\"Procurando um Operador de Eco-Tours nas ilhas dos A\u00e7ores - Portugal? A TERRA AZUL \u00e9 18+ anos experiente, especializada em Observa\u00e7\u00e3o de Cet\u00e1ceos, e em experi\u00eancias tur\u00edsticas educacionais e interativas.\" \/>\n<meta property=\"og:url\" content=\"https:\/\/www.azoreswhalewatch.com\/pt-pt\/contactos\" \/>\n<meta property=\"og:site_name\" content=\"TERRA AZUL\u2122\" \/>\n<meta property=\"article:modified_time\" content=\"2025-11-12T00:46:53+00:00\" \/>\n<meta property=\"og:image\" content=\"https:\/\/www.azoreswhalewatch.com\/wp-content\/uploads\/ecotourism-tour-operator-azores.jpg\" \/>\n\t<meta property=\"og:image:width\" content=\"1476\" \/>\n\t<meta property=\"og:image:height\" content=\"500\" \/>\n\t<meta property=\"og:image:type\" content=\"image\/jpeg\" \/>\n<meta name=\"twitter:card\" content=\"summary_large_image\" \/>\n<!-- \/ Yoast SEO plugin. -->","yoast_head_json":{"title":"Contactos - TERRA AZUL\u2122","description":"Procurando um Operador de Eco-Tours nas ilhas dos A\u00e7ores - Portugal? A TERRA AZUL \u00e9 18+ anos experiente, especializada em Observa\u00e7\u00e3o de Cet\u00e1ceos, e em experi\u00eancias tur\u00edsticas educacionais e interativas.","robots":{"index":"index","follow":"follow","max-snippet":"max-snippet:-1","max-image-preview":"max-image-preview:large","max-video-preview":"max-video-preview:-1"},"canonical":"https:\/\/www.azoreswhalewatch.com\/pt-pt\/contactos","og_locale":"pt_PT","og_type":"article","og_title":"Contactos - TERRA AZUL\u2122","og_description":"Procurando um Operador de Eco-Tours nas ilhas dos A\u00e7ores - Portugal? A TERRA AZUL \u00e9 18+ anos experiente, especializada em Observa\u00e7\u00e3o de Cet\u00e1ceos, e em experi\u00eancias tur\u00edsticas educacionais e interativas.","og_url":"https:\/\/www.azoreswhalewatch.com\/pt-pt\/contactos","og_site_name":"TERRA AZUL\u2122","article_modified_time":"2025-11-12T00:46:53+00:00","og_image":[{"width":1476,"height":500,"url":"https:\/\/www.azoreswhalewatch.com\/wp-content\/uploads\/ecotourism-tour-operator-azores.jpg","type":"image\/jpeg"}],"twitter_card":"summary_large_image","schema":{"@context":"https:\/\/schema.org","@graph":[{"@type":"WebSite","@id":"https:\/\/www.azoreswhalewatch.com\/#website","url":"https:\/\/www.azoreswhalewatch.com\/","name":"TERRA AZUL\u2122","description":"Tours in S\u00e3o Miguel near Ponta Delgada - in Portugal!","potentialAction":[{"@type":"SearchAction","target":{"@type":"EntryPoint","urlTemplate":"https:\/\/www.azoreswhalewatch.com\/?s={search_term_string}"},"query-input":"required name=search_term_string"}],"inLanguage":"pt-PT"},{"@type":"ImageObject","@id":"https:\/\/www.azoreswhalewatch.com\/pt-pt\/contactos#primaryimage","inLanguage":"pt-PT","url":"https:\/\/www.azoreswhalewatch.com\/wp-content\/uploads\/ecotourism-tour-operator-azores.jpg","contentUrl":"https:\/\/www.azoreswhalewatch.com\/wp-content\/uploads\/ecotourism-tour-operator-azores.jpg","width":1476,"height":500},{"@type":["WebPage","ContactPage"],"@id":"https:\/\/www.azoreswhalewatch.com\/pt-pt\/contactos#webpage","url":"https:\/\/www.azoreswhalewatch.com\/pt-pt\/contactos","name":"Contactos - TERRA AZUL\u2122","isPartOf":{"@id":"https:\/\/www.azoreswhalewatch.com\/#website"},"primaryImageOfPage":{"@id":"https:\/\/www.azoreswhalewatch.com\/pt-pt\/contactos#primaryimage"},"datePublished":"2018-01-12T23:47:31+00:00","dateModified":"2025-11-12T00:46:53+00:00","description":"Procurando um Operador de Eco-Tours nas ilhas dos A\u00e7ores - Portugal? A TERRA AZUL \u00e9 18+ anos experiente, especializada em Observa\u00e7\u00e3o de Cet\u00e1ceos, e em experi\u00eancias tur\u00edsticas educacionais e interativas.","breadcrumb":{"@id":"https:\/\/www.azoreswhalewatch.com\/pt-pt\/contactos#breadcrumb"},"inLanguage":"pt-PT","potentialAction":[{"@type":"ReadAction","target":["https:\/\/www.azoreswhalewatch.com\/pt-pt\/contactos"]}]},{"@type":"BreadcrumbList","@id":"https:\/\/www.azoreswhalewatch.com\/pt-pt\/contactos#breadcrumb","itemListElement":[{"@type":"ListItem","position":1,"name":"In\u00edcio","item":"https:\/\/www.azoreswhalewatch.com\/pt-pt"},{"@type":"ListItem","position":2,"name":"Contactos"}]}]}},"_links":{"self":[{"href":"https:\/\/www.azoreswhalewatch.com\/pt-pt\/wp-json\/wp\/v2\/pages\/10262"}],"collection":[{"href":"https:\/\/www.azoreswhalewatch.com\/pt-pt\/wp-json\/wp\/v2\/pages"}],"about":[{"href":"https:\/\/www.azoreswhalewatch.com\/pt-pt\/wp-json\/wp\/v2\/types\/page"}],"author":[{"embeddable":true,"href":"https:\/\/www.azoreswhalewatch.com\/pt-pt\/wp-json\/wp\/v2\/users\/41"}],"replies":[{"embeddable":true,"href":"https:\/\/www.azoreswhalewatch.com\/pt-pt\/wp-json\/wp\/v2\/comments?post=10262"}],"version-history":[{"count":0,"href":"https:\/\/www.azoreswhalewatch.com\/pt-pt\/wp-json\/wp\/v2\/pages\/10262\/revisions"}],"wp:featuredmedia":[{"embeddable":true,"href":"https:\/\/www.azoreswhalewatch.com\/pt-pt\/wp-json\/wp\/v2\/media\/25887"}],"wp:attachment":[{"href":"https:\/\/www.azoreswhalewatch.com\/pt-pt\/wp-json\/wp\/v2\/media?parent=10262"}],"curies":[{"name":"wp","href":"https:\/\/api.w.org\/{rel}","templated":true}]}}