{"id":21379,"date":"2020-07-20T23:19:43","date_gmt":"2020-07-20T23:19:43","guid":{"rendered":"https:\/\/www.azoreswhalewatch.com\/?page_id=21379"},"modified":"2025-11-11T23:49:17","modified_gmt":"2025-11-12T00:49:17","slug":"saber-antes-de-ir","status":"publish","type":"page","link":"https:\/\/www.azoreswhalewatch.com\/pt-pt\/saber-antes-de-ir","title":{"rendered":"Saber Antes de Ir"},"content":{"rendered":"\n\t<div id=\"fws_69d29ae34bf6b\" class=\"full-width-section standard_section  \" style=\"padding-top: 20px; padding-bottom: 30px; \"> \n\n\t<div class=\"row-bg-wrap\"> <div class=\"row-bg   \" style=\"\"><\/div> <\/div>\n\n    <div class=\"col span_12 dark\">\n<h2>TERRA AZUL Informa\u00e7\u00f5es de Apoio COVID-19<\/h2>\n<p>Estamos sempre dispon\u00edveis para reservas e todos os tours est\u00e3o de volta ao normal, em conformidade com os requisitos das autoridades de sa\u00fade locais e recomenda\u00e7\u00f5es internacionais. Medidas preventivas regularmente atualizadas s\u00e3o colocadas para garantir a sa\u00fade e seguran\u00e7a a todos os visitantes e staff.<\/p>\n<div class=\"col span_9\" data-animation=\"\" data-delay=\"0\">\n<div style=\"color: #8a6d3b; background-color:#fcf8e3;border-color: #faebcc; padding: 15px; margin-bottom: 20px; border: 1px solid; border-radius: 4px;\">\n<i class=\"fa fa-shield\" aria-hidden=\"true\"><\/i><b>Sanitiza\u00e7\u00e3o regular<\/b> em todas as \u00e1reas p\u00fablicas, ve\u00edculos de transporte e equipamentos entre uso.<br \/>\n<i class=\"fa fa-users\" aria-hidden=\"true\"><\/i><b>Todo staff vacinado<\/b> e regularmente testado.<br \/>\n<i class=\"fa fa-hand-paper-o\" aria-hidden=\"true\"><\/i><b>Desinfetante \u00e0 base de \u00c1lcool<\/b> fornecido gratuitamente.<br \/>\n<i class=\"far fa-credit-card\"><\/i><b>Reserva online e pagamento adiantado recomendados<\/b> &#8211; <u>reserva e pagamento s\u00e3o simples<\/u>. Fa\u00e7a a sua reserva e receber\u00e1 com a sua confirma\u00e7\u00e3o um pedido de pagamento. Quando pagar, inclua a sua refer\u00eancia de reserva no campo apropriado.<br \/>\n<i class=\"fa fa-plus-square\" aria-hidden=\"true\"><\/i>Se sentir doente, com febre, dor de garganta ou tosse, por favor fique onde est\u00e1 e entre em contacto connosco assim que poss\u00edvel.\n<\/div>\n<\/div>\n<div class=\"col span_3 col_last\" data-animation=\"\" data-delay=\"0\">\n<a class=\"nectar-button medium extra-color-1 regular-button\" href=\"https:\/\/www.azoreswhalewatch.com\/pt-pt\/ver-baleias-nos-acores\" alt=\"Ver Baleias\" title=\"Ver Baleias\" override=\"#fff\" style=\"visibility: visible;\">Ver Baleias<\/a><br \/>\n<a class=\"nectar-button medium extra-color-1 regular-button\" href=\"https:\/\/www.azoreswhalewatch.com\/pt-pt\/nadar-com-golfinhos-nos-acores\" alt=\"Nadar com Golfinhos\" title=\"Nadar com Golfinhos\" override=\"#fff\" style=\"visibility: visible;\">Nadar com Golfinhos<\/a><br \/>\n<a class=\"nectar-button medium extra-color-2 regular-button button-booking rezdy rezdy-modal\" href=\"https:\/\/terraazul.rezdy.com?lang=en\" alt=\"Reservar Tours\" title=\"Reservar Tours\" data-color-override=\"false\" data-hover-color-override=\"false\" data-hover-text-color-override=\"#fff\" style=\"visibility: visible;\">Reservar 24\/7<\/a><br \/>\n<a class=\"nectar-button medium extra-color-3 regular-button\" href=\"https:\/\/www.azoreswhalewatch.com\/pt-pt\/contactos\" title=\"Contacte-nos\" alt=\"Contacte-nos\" target=\"_blank\" override=\"#fff\" style=\"visibility: visible;\" rel=\"noopener\">Contacte-nos<\/a><br \/>\n<\/div><div class=\"clear\"><\/div>\n<div class=\"toggles \" data-style=\"default\">\n<div class=\"toggle accent-color\"><h3><a href=\"#\"><i class=\"fa fa-plus-square-o\"><\/i>Op\u00e7\u00f5es de Pagamento Dispon\u00edveis (dependendo da sua localiza\u00e7\u00e3o)<\/a><\/h3><div>\n<b>Carteiras Digitais<\/b> &#8211; Paypal, Google Pay, Apple Pay, Alipay, Stripe, Multibanco &#038; MBWay(Portugal), giropay (Alemanha), Sofort (\u00c1ustria, Alemanha, B\u00e9lgica), iDEAL (Holanda), Bancontact (B\u00e9lgica), EPS (\u00c1ustria), Wechat Pay (China).<br \/>\n<b>Cart\u00f5es Cr\u00e9dito<\/b> &#8211; VISA, Mastercard, Maestro, American Express, Diners, JCB, Discover.<br \/>\n<b>Transfer\u00eancia Banc\u00e1ria<\/b> (pode demorar 1-5 dias a completar).<br \/>\n<b>Vouchers Presente<\/b> podem ser redimidos online.<br \/>\nContacte-nos se encontrar dificuldades. Dinheiro ao balc\u00e3o pode ser aceite quando mais nenhuma das op\u00e7\u00f5es esteja dispon\u00edvel.<br \/>\n<\/div><\/div>\n<\/div>\n<\/div><\/div>\n\n\t<div id=\"fws_69d29ae34c0ff\" class=\"full-width-section standard_section  \" style=\"background-color: #fff; padding-top: 30px; padding-bottom: 30px; \"> \n\n\t<div class=\"row-bg-wrap\"> <div class=\"row-bg  using-bg-color \" style=\"\"><\/div> <\/div>\n\n    <div class=\"col span_12 dark\">\n<h2>\u00daltimas Not\u00edcias &#8211; Viajar para os A\u00e7ores<\/h2>\n<div class=\"col span_6\" data-animation=\"\" data-delay=\"0\">\n<i class=\"fa fa-life-ring\" aria-hidden=\"true\"><\/i>A\u00e7ores considerados um destino seguro top para viajar p\u00f3s-covid.<br \/>\n<i class=\"fa fa-unlock\" aria-hidden=\"true\"><\/i>Neste momento n\u00e3o h\u00e1 restri\u00e7\u00f5es de viagem para visitar os A\u00e7ores.<br \/>\n<i class=\"fa fa-shield\" aria-hidden=\"true\"><\/i>Transportes e locais p\u00fablicos mant\u00e9m sanitiza\u00e7\u00e3o regular e medidas preventivas.<br \/>\n<\/div>\n<div class=\"col span_6 col_last\" data-animation=\"\" data-delay=\"0\">\n<i class=\"fa fa-cutlery\" aria-hidden=\"true\"><\/i>Restaurantes e lojas abertos com medidas de seguran\u00e7a preventivas.<br \/>\n<i class=\"fa fa-plane\" aria-hidden=\"true\"><\/i>Liga\u00e7\u00f5es A\u00e9reas retomando com redu\u00e7\u00f5es de pre\u00e7o significativas.<br \/>\n<i class=\"fa fa-university\" aria-hidden=\"true\"><\/i>Restri\u00e7\u00f5es reconsideradas regularmente pela auroridade de sa\u00fade local.<br \/>\n<\/div><div class=\"clear\"><\/div>\n<div class=\"toggles accordion\" data-style=\"default\"> <div class=\"toggle accent-color\"><h3><a href=\"#\"><i class=\"fa fa-plus-square-o\"><\/i>Links Oficiais Atualizados para Viajantes aos A\u00e7ores<\/a><\/h3><div>\n<div class=\"col span_6\" data-animation=\"\" data-delay=\"0\">\n<h4>Associa\u00e7\u00e3o de Turismo dos A\u00e7ores<\/h4>\n<hr \/>\n<p><i class=\"fa fa-file-pdf-o\" aria-hidden=\"true\"><\/i>English: <a href=\"https:\/\/www.azoreswhalewatch.com\/wp-content\/uploads\/en-airline-companies-flying-to-azores.pdf\" target=\"_blank\" rel=\"noopener\">Airline companies flying to Azores Islands<\/a><\/p>\n<hr \/>\n<p><i class=\"fa fa-file-pdf-o\" aria-hidden=\"true\"><\/i>English: <a href=\"https:\/\/www.azoreswhalewatch.com\/wp-content\/uploads\/en-recommendations-for-a-safe-trip-to-the-azores.pdf\" target=\"_blank\" rel=\"noopener\">Recommendations for a safe trip to the Azores Islands<\/a><br \/>\n<i class=\"fa fa-file-pdf-o\" aria-hidden=\"true\"><\/i>Deutsch: <a href=\"https:\/\/www.azoreswhalewatch.com\/wp-content\/uploads\/de-tipps-fur-eine-sichere-reise-auf-die-azoren.pdf\" target=\"_blank\" rel=\"noopener\">Tipps fur eine sichere Reise auf die Azoren<\/a><br \/>\n<i class=\"fa fa-file-pdf-o\" aria-hidden=\"true\"><\/i>Fran\u00e7ais: <a href=\"https:\/\/www.azoreswhalewatch.com\/wp-content\/uploads\/fr-recommandations-pour-un-voyage-en-toute-securite-aux-acores.pdf\" target=\"_blank\" rel=\"noopener\">Recommandations pour un Voyage en toute Securite aux A\u00e7ores<\/a><br \/>\n<i class=\"fa fa-file-pdf-o\" aria-hidden=\"true\"><\/i>Portugu\u00eas: <a href=\"https:\/\/www.azoreswhalewatch.com\/wp-content\/uploads\/pt-recomendacoes-para-uma-viagem-segura-aos-acores.pdf\" target=\"_blank\" rel=\"noopener\">Recomenda\u00e7\u00f5es para uma Viagem Segura aos A\u00e7ores<\/a><br \/>\n<\/div>\n<div class=\"col span_6 col_last\" data-animation=\"\" data-delay=\"0\">\n<h4>Governo Regional dos A\u00e7ores<\/h4>\n<hr \/>\n<p><i class=\"fa fa-external-link-square\" aria-hidden=\"true\"><\/i>Portugu\u00eas: Local COVID-19 status updates<\/p>\n<hr \/>\n<p><i class=\"fa fa-external-link-square\" aria-hidden=\"true\"><\/i>English: Disembarkment information<br \/>\n<i class=\"fa fa-external-link-square\" aria-hidden=\"true\"><\/i>Deutsch: Information nach Landung<br \/>\n<i class=\"fa fa-external-link-square\" aria-hidden=\"true\"><\/i>Fran\u00e7ais: Informations de d\u00e9barquement<br \/>\n<i class=\"fa fa-external-link-square\" aria-hidden=\"true\"><\/i>Portugu\u00eas: Informa\u00e7\u00f5es de desembarque<br \/>\n<i class=\"fa fa-external-link-square\" aria-hidden=\"true\"><\/i>Castellano: Informaci\u00f3n de desembarco<br \/>\n<\/div><div class=\"clear\"><\/div>\n<\/div><\/div>\n<\/div>\n<\/div><\/div>\n","protected":false},"excerpt":{"rendered":"","protected":false},"author":41,"featured_media":28872,"parent":0,"menu_order":0,"comment_status":"closed","ping_status":"closed","template":"","meta":[],"yoast_head":"<!-- This site is optimized with the Yoast SEO plugin v17.9 - https:\/\/yoast.com\/wordpress\/plugins\/seo\/ -->\n<title>Saber Antes de Ir - TERRA AZUL\u2122<\/title>\n<meta name=\"robots\" content=\"index, follow, max-snippet:-1, max-image-preview:large, max-video-preview:-1\" \/>\n<link rel=\"canonical\" href=\"https:\/\/www.azoreswhalewatch.com\/pt-pt\/saber-antes-de-ir\" \/>\n<meta property=\"og:locale\" content=\"pt_PT\" \/>\n<meta property=\"og:type\" content=\"article\" \/>\n<meta property=\"og:title\" content=\"Saber Antes de Ir - TERRA AZUL\u2122\" \/>\n<meta property=\"og:url\" content=\"https:\/\/www.azoreswhalewatch.com\/pt-pt\/saber-antes-de-ir\" \/>\n<meta property=\"og:site_name\" content=\"TERRA AZUL\u2122\" \/>\n<meta property=\"article:modified_time\" content=\"2025-11-12T00:49:17+00:00\" \/>\n<meta property=\"og:image\" content=\"https:\/\/www.azoreswhalewatch.com\/wp-content\/uploads\/whale-watching-know-before-you-go.jpg\" \/>\n\t<meta property=\"og:image:width\" content=\"1508\" \/>\n\t<meta property=\"og:image:height\" content=\"500\" \/>\n\t<meta property=\"og:image:type\" content=\"image\/jpeg\" \/>\n<meta name=\"twitter:card\" content=\"summary_large_image\" \/>\n<!-- \/ Yoast SEO plugin. -->","yoast_head_json":{"title":"Saber Antes de Ir - TERRA AZUL\u2122","robots":{"index":"index","follow":"follow","max-snippet":"max-snippet:-1","max-image-preview":"max-image-preview:large","max-video-preview":"max-video-preview:-1"},"canonical":"https:\/\/www.azoreswhalewatch.com\/pt-pt\/saber-antes-de-ir","og_locale":"pt_PT","og_type":"article","og_title":"Saber Antes de Ir - TERRA AZUL\u2122","og_url":"https:\/\/www.azoreswhalewatch.com\/pt-pt\/saber-antes-de-ir","og_site_name":"TERRA AZUL\u2122","article_modified_time":"2025-11-12T00:49:17+00:00","og_image":[{"width":1508,"height":500,"url":"https:\/\/www.azoreswhalewatch.com\/wp-content\/uploads\/whale-watching-know-before-you-go.jpg","type":"image\/jpeg"}],"twitter_card":"summary_large_image","schema":{"@context":"https:\/\/schema.org","@graph":[{"@type":"WebSite","@id":"https:\/\/www.azoreswhalewatch.com\/#website","url":"https:\/\/www.azoreswhalewatch.com\/","name":"TERRA AZUL\u2122","description":"Tours in S\u00e3o Miguel near Ponta Delgada - in Portugal!","potentialAction":[{"@type":"SearchAction","target":{"@type":"EntryPoint","urlTemplate":"https:\/\/www.azoreswhalewatch.com\/?s={search_term_string}"},"query-input":"required name=search_term_string"}],"inLanguage":"pt-PT"},{"@type":"ImageObject","@id":"https:\/\/www.azoreswhalewatch.com\/pt-pt\/saber-antes-de-ir#primaryimage","inLanguage":"pt-PT","url":"https:\/\/www.azoreswhalewatch.com\/wp-content\/uploads\/whale-watching-know-before-you-go.jpg","contentUrl":"https:\/\/www.azoreswhalewatch.com\/wp-content\/uploads\/whale-watching-know-before-you-go.jpg","width":1508,"height":500},{"@type":["WebPage","FAQPage"],"@id":"https:\/\/www.azoreswhalewatch.com\/pt-pt\/saber-antes-de-ir#webpage","url":"https:\/\/www.azoreswhalewatch.com\/pt-pt\/saber-antes-de-ir","name":"Saber Antes de Ir - TERRA AZUL\u2122","isPartOf":{"@id":"https:\/\/www.azoreswhalewatch.com\/#website"},"primaryImageOfPage":{"@id":"https:\/\/www.azoreswhalewatch.com\/pt-pt\/saber-antes-de-ir#primaryimage"},"datePublished":"2020-07-20T23:19:43+00:00","dateModified":"2025-11-12T00:49:17+00:00","breadcrumb":{"@id":"https:\/\/www.azoreswhalewatch.com\/pt-pt\/saber-antes-de-ir#breadcrumb"},"inLanguage":"pt-PT","potentialAction":[{"@type":"ReadAction","target":["https:\/\/www.azoreswhalewatch.com\/pt-pt\/saber-antes-de-ir"]}]},{"@type":"BreadcrumbList","@id":"https:\/\/www.azoreswhalewatch.com\/pt-pt\/saber-antes-de-ir#breadcrumb","itemListElement":[{"@type":"ListItem","position":1,"name":"In\u00edcio","item":"https:\/\/www.azoreswhalewatch.com\/pt-pt"},{"@type":"ListItem","position":2,"name":"Saber Antes de Ir"}]}]}},"_links":{"self":[{"href":"https:\/\/www.azoreswhalewatch.com\/pt-pt\/wp-json\/wp\/v2\/pages\/21379"}],"collection":[{"href":"https:\/\/www.azoreswhalewatch.com\/pt-pt\/wp-json\/wp\/v2\/pages"}],"about":[{"href":"https:\/\/www.azoreswhalewatch.com\/pt-pt\/wp-json\/wp\/v2\/types\/page"}],"author":[{"embeddable":true,"href":"https:\/\/www.azoreswhalewatch.com\/pt-pt\/wp-json\/wp\/v2\/users\/41"}],"replies":[{"embeddable":true,"href":"https:\/\/www.azoreswhalewatch.com\/pt-pt\/wp-json\/wp\/v2\/comments?post=21379"}],"version-history":[{"count":0,"href":"https:\/\/www.azoreswhalewatch.com\/pt-pt\/wp-json\/wp\/v2\/pages\/21379\/revisions"}],"wp:featuredmedia":[{"embeddable":true,"href":"https:\/\/www.azoreswhalewatch.com\/pt-pt\/wp-json\/wp\/v2\/media\/28872"}],"wp:attachment":[{"href":"https:\/\/www.azoreswhalewatch.com\/pt-pt\/wp-json\/wp\/v2\/media?parent=21379"}],"curies":[{"name":"wp","href":"https:\/\/api.w.org\/{rel}","templated":true}]}}