{"id":3248,"date":"2015-01-21T02:19:04","date_gmt":"2015-01-21T03:19:04","guid":{"rendered":"http:\/\/www.azoreswhalewatch.com\/?page_id=3248"},"modified":"2025-11-11T23:46:48","modified_gmt":"2025-11-12T00:46:48","slug":"melhor-destino-observacao-cetaceos","status":"publish","type":"page","link":"https:\/\/www.azoreswhalewatch.com\/pt-pt\/melhor-destino-observacao-cetaceos","title":{"rendered":"Melhor Destino para Observa\u00e7\u00e3o de Cet\u00e1ceos"},"content":{"rendered":"\n\t<div id=\"fws_69e34847cf9e4\" class=\"full-width-section standard_section  \" style=\"background-color: #fff; padding-top: 20px; padding-bottom: 30px; \"> \n\n\t<div class=\"row-bg-wrap\"> <div class=\"row-bg  using-bg-color \" style=\"\"><\/div> <\/div>\n\n    <div class=\"col span_12 dark\">\n<div class=\"col span_6\" data-animation=\"\" data-delay=\"0\">\n<h2 style=\"display: none;\">The Best Whale Watching Holidays &#8211; Azores Islands, in Portugal<\/h2>\n<p><strong>O melhor s\u00edtio para Observa\u00e7\u00e3o de Cet\u00e1ceos e Nata\u00e7\u00e3o com Golftainhos da Europa, e um fant\u00e1stico cen\u00e1rio de Aventura num destino de f\u00e9rias sustent\u00e1vel.<\/strong><\/p>\n<p>2 a 3 horas de dist\u00e2ncia da maior parte dos aeroportos Europeus, e 4 a 5 horas de dist\u00e2ncia dos Estados Unidos e o Canad\u00e1, fica o ponto mais a Oeste de Portugal e da Europa. Um Arquip\u00e9lago de 9 ilhas localizado no meio do Oceano Atl\u00e2ntico. Cada ilha com a sua pr\u00f3pria beleza natural e cultura. Um cen\u00e1rio ex\u00f3tico e paradis\u00edaco do grande Azul, de verdejantes montanhas formadas por crateras de vulc\u00f5es extintos onde agora se formam lagos quase que sa\u00eddos de contos de fadas, cascatas, e nascentes naturais de \u00e1gua quente. Tamb\u00e9m praias de areia escura e vulc\u00e2nica, uma grande variedade de monumentos Naturais e de Vida Selvagem. Alguns acreditam que estas ilhas s\u00e3o o que resta da antiga civiliza\u00e7\u00e3o Atl\u00e2ntida!<a name=\"thingstodo\"><\/a><br \/>\n<\/div>\n<div class=\"col span_6 col_last\" data-animation=\"\" data-delay=\"0\">\n<h2 style=\"display: none;\">Mapa de Localiza\u00e7\u00e3o: Onde ficam os A\u00e7ores?<\/h2>\n<p><iframe style=\"border: 0;\" src=\"https:\/\/www.google.com\/maps\/embed?pb=!1m18!1m12!1m3!1d21073205.44277818!2d-36.04184944999992!3d49.85349044320163!2m3!1f0!2f0!3f0!3m2!1i1024!2i768!4f13.1!3m3!1m2!1s0xb5cd77250e697c3%3A0xae4f6f26c3f63890!2sS%C3%A3o+Miguel%2C+Portugal!5e0!3m2!1sen!2s!4v1424967505254\" scrollwheel=\"false\" width=\"100%\" height=\"290\" frameborder=\"0\"><\/iframe><br \/>\n<\/div><div class=\"clear\"><\/div>\n<\/div><\/div>\n\n\t<div id=\"fws_69e34847cfa9a\" class=\"full-width-section standard_section  \" style=\"padding-top: 30px; padding-bottom: 10px; \"> \n\n\t<div class=\"row-bg-wrap\"> <div class=\"row-bg   \" style=\"\"><\/div> <\/div>\n\n    <div class=\"col span_12 dark\">\n<div class=\"testimonials-widget-testimonials testimonials-widget-testimonials100000\">\n<div class=\"testimonials-widget-testimonial post-3304 testimonials-widget type-testimonials-widget status-publish has-post-thumbnail testimonials-widget-category-premios-e-top-bests\" style=\"\">\n<!-- testimonials-widget-testimonials:3304: -->\n<span class=\"image\"><img width=\"150\" height=\"32\" src=\"\/\/www.azoreswhalewatch.com\/wp-content\/uploads\/usa-today.png\" class=\"attachment-thumbnail size-thumbnail wp-post-image\" alt=\"\" \/><\/span>\n\t\t<blockquote><span class=\"open-quote\"><\/span><strong>N\u00ba.1 no Top de Ilhas Escondidas que voc\u00ea nunca ouviu falar<\/strong><span class=\"close-quote\"><\/span><\/blockquote>\n\t\t\t<div class=\"credit\"><span class=\"author\">Anne Banas<\/span><span class=\"join\"><\/span><span class=\"company\">USA Today TRAVEL<\/span><\/div>\n\t<\/div>\n<div class=\"testimonials-widget-testimonial post-3305 testimonials-widget type-testimonials-widget status-publish has-post-thumbnail testimonials-widget-category-premios-e-top-bests\" style=\"display: none;\">\n<!-- testimonials-widget-testimonials:3305: -->\n<span class=\"image\"><img width=\"150\" height=\"66\" src=\"\/\/www.azoreswhalewatch.com\/wp-content\/uploads\/green-destinations.png\" class=\"attachment-thumbnail size-thumbnail wp-post-image\" alt=\"\" \/><\/span>\n\t\t<blockquote><span class=\"open-quote\"><\/span>Destino de F\u00e9rias mais Sistent\u00e1vel do Mundo<span class=\"close-quote\"><\/span><\/blockquote>\n\t\t\t<div class=\"credit\"><span class=\"author\">Green Sustainable Destinations Global Top 100<\/span><\/div>\n\t<\/div>\n<\/div>\n\n<\/div><\/div>\n\n\t<div id=\"fws_69e34847d40b9\" class=\"full-width-section standard_section  \" style=\"background-color: #fff; padding-top: 30px; padding-bottom: 30px; \"> \n\n\t<div class=\"row-bg-wrap\"> <div class=\"row-bg  using-bg-color \" style=\"\"><\/div> <\/div>\n\n    <div class=\"col span_12 dark\">\n<div class=\"col span_8\" data-animation=\"\" data-delay=\"0\">\n<h3><i class=\"icon-default-style fa fa-hand-o-right extra-color-3\"><\/i>Que fazer e onde ir<\/h3>\n<p>A experi\u00eancia de passar pelas ilhas dos A\u00e7ores \u00e9 conhecida por ser de tranquilidade, pelo estilo de vida genu\u00edno e relaxado, com um toque de Aventura, e uma grande variedade de festivais gastron\u00f3micos e de vinho, e de Festivais de M\u00fasica no Ver\u00e3o.<\/p>\n<p>Existem actividades de Aventura para todos, tanto no mar como em terra, desde Fotografia de Natureza ao Golfe, Canyoning, Kayaking, Caminhadas, Ciclismo de Montanha, Surf, Escalada, Vela, Parapente, Mergulho, Observa\u00e7\u00e3o de Aves e claro Observa\u00e7\u00e3o de Cet\u00e1ceos e Nata\u00e7\u00e3o com Golfinhos!<\/p>\n<i class=\"icon-tiny fa fa-camera-retro extra-color-3\"><\/i><strong>As principais atrac\u00e7\u00f5es Naturais<\/strong> a n\u00e3o perder da Ilha de S\u00e3o Miguel s\u00e3o a Lagoa das Sete cidades, a Lagoa das Furnas, a Lagoa do Fogo, o ilh\u00e9u de Vila Franca do Campo \u2013 consideradas 4 das mais incr\u00edveis maravilhas naturais no Mundo. N\u00e3o se esque\u00e7a de visitar as praias e as nascentes naturais de \u00e1gua quente!<a name=\"gettoazores\"><\/a><br \/>\n<\/div>\n<div class=\"col span_4 col_last\" data-animation=\"\" data-delay=\"0\">\n<h3><i class=\"icon-default-style fa fa-sun-o extra-color-3\"><\/i>O Clima<span style=\"display:none;\"> nos A\u00e7ores<\/span>, nos Cet\u00e1ceos<\/h3>\n<div style=\"background-color: #F7F7F7;\">\n<div style=\"width: 67%!important; margin-top:-8px!important; padding:10px;\">\n<p>O clima dos Azores \u00e9 sub-tropical moderado, com temperaturas moderadas durante todo o ano que v\u00e3o desde os 15\u00baC no Inverno, e at\u00e9 aos 26\u00baC no Ver\u00e3o.<\/p>\n<\/p>\n<p>Ficar\u00e1 contente em saber que n\u00e3o h\u00e1 animais perigosos ou mosquitos dominantes \u00e0 noite.<\/p>\n<\/div>\n<\/div>\n<\/div><div class=\"clear\"><\/div>\n<\/div><\/div>\n\n\t<div id=\"fws_69e34847d4262\" class=\"full-width-section standard_section  \" style=\"padding-top: 30px; padding-bottom: 10px; \"> \n\n\t<div class=\"row-bg-wrap\"> <div class=\"row-bg   \" style=\"\"><\/div> <\/div>\n\n    <div class=\"col span_12 dark\">\n<div class=\"col span_8\" data-animation=\"\" data-delay=\"0\">\n<h3><i class=\"icon-default-style fa fa-plane extra-color-3\"><\/i>Como l\u00e1 chegar<\/h3>\n<p>Pode chegar aos A\u00e7ores usando um agente de viagens, ou, com os seus pr\u00f3prios meios pode reservar um voo online, atrav\u00e9s de v\u00e1rias companhias a\u00e9reas de v\u00e1rios aeroportos principais da Europa at\u00e9 ao Aeroporto S\u00e3o Paulo II na cidade de Ponta Delgada, Ilha de S\u00e3o Miguel. As tarifas a\u00e9reas variam durante o ano, marque o seu voo com anteced\u00eancia!<\/p>\n<h3><i class=\"icon-default-style fa fa-suitcase extra-color-3\"><\/i>Onde Ficar<\/h3>\n<p>A solarenga Vila Franca do Campo fica a 15 minutos do Aeroporto em Ponta Delgada e \u00e9 conhecida pelo seu estilo de vida costeiro, excelentes restaurantes e por ter das melhores praias do A\u00e7ores. Alojamento na \u00e1rea varia entre casas de aluguer, alojamentos rurais, Apart-Hotels a Hot\u00e9is de praia, longe da confus\u00e3o de cidade e desde 15 a 30 minutos das melhores atrac\u00e7\u00f5es de S\u00e3o Miguel. Por favor contacte-nos se precisar de algum conselho.<\/p>\n<i class=\"icon-tiny fa fa-gift extra-color-3\"><\/i><strong>Os produtos locais de excel\u00eancia<\/strong> s\u00e3o o Queijo, os Vinhos e Brandy, Fruta e gastronomia no geral (caso prefira Carne, Peixe ou Vegetariano), linho artesanal, l\u00e3s, renda e cer\u00e2mica.<br \/>\n<\/div>\n<div class=\"col span_4 col_last\" data-animation=\"\" data-delay=\"0\">\n<div id=\"TA_impnearbyattrnarrow268\" class=\"TA_impnearbyattrnarrow\">\n<ul id=\"O5Hlqd\" class=\"TA_links MqkNPQ\">\n<li id=\"qCbBFDM8Z6p\" class=\"9Yn91Soaj\"><a href=\"https:\/\/www.tripadvisor.com\/\" target=\"_blank\" rel=\"noopener\"><img src=\"https:\/\/www.tripadvisor.com\/img\/cdsi\/partner\/tripadvisor_logo_96x15t-13353-2.png\" alt=\"TripAdvisor\" \/><\/a><\/li>\n<\/ul>\n<\/div>\n<p><script src=\"http:\/\/www.jscache.com\/wejs?wtype=impnearbyattrnarrow&amp;uniq=268&amp;locationId=1930043&amp;lang=en_US&amp;border=false&amp;display_version=2&amp;ltype=v\"><\/script><br \/>\n<\/div><div class=\"clear\"><\/div>\n<\/div><\/div>\n\n\t<div id=\"fws_69e34847d4329\" class=\"full-width-section standard_section  \" style=\"background-color: #fff; padding-top: 30px; padding-bottom: 30px; \"> \n\n\t<div class=\"row-bg-wrap\"> <div class=\"row-bg  using-bg-color \" style=\"\"><\/div> <\/div>\n\n    <div class=\"col span_12 dark\">\n<div class=\"col span_8\" data-animation=\"\" data-delay=\"0\">\n<a name=\"whalefacts\"><\/a><\/p>\n<h3><i class=\"icon-default-style fa fa-hand-o-right extra-color-3\"><\/i>Qual a melhor altura do ano para ver Baleias e Golfinhos nos A\u00e7ores?<\/h3>\n<p>A qualquer altura \u2013 podemos ver 28 esp\u00e9cies ao longo do ano, 4 destas s\u00e3o Residentes incluindo os not\u00f3rios Cachalotes. Temos uma taxa de 98% de sucesso nas nossas sa\u00eddas em que a m\u00e9dia \u00e9 de 3 esp\u00e9cies observadas por sa\u00edda.<\/p>\n<p><strong>\u00c9 importante perceber<\/strong>, apesar de serem recolhidos dados no A\u00e7ores desde 1993 e os nossos vigias garantirem observa\u00e7\u00f5es quase sempre, \u00e9 dif\u00edcil prever exactamente a distribui\u00e7\u00e3o das esp\u00e9cies ao longo do ano visto que depende da produtividade de alimento, dos padr\u00f5es das rotas migrat\u00f3rias, dispers\u00e3o da esp\u00e9cie, correntes oce\u00e2nicas, vento e condi\u00e7\u00f5es de visibilidade.<\/p>\n<\/div>\n<div class=\"col span_4 col_last\" data-animation=\"\" data-delay=\"0\">\n<table id=\"transparentable2\")\n\n\n<tr>\n<tr>\n<td style=\"width:67%;padding-right:8px!important;\">\n<a class=\"nectar-button medium extra-color-1 regular-button\" href=\"\/pt-pt\/ver-baleias-nos-acores\" title=\"Ver Baleias Sao Miguel Acores\" data-color-override=\"false\" data-hover-color-override=\"false\" data-hover-text-color-override=\"#fff\" style=\"visibility: visible;\">Ver Baleias<span style=\"display:none;\"> Sao Miguel Acores<\/span><\/a><br \/>\n<a class=\"nectar-button medium extra-color-1 regular-button\" href=\"\/pt-pt\/nadar-com-golfinhos-nos-acores\" title=\"Nadar Golfinhos Acores Portugal\" data-color-override=\"false\" data-hover-color-override=\"false\" data-hover-text-color-override=\"#fff\" style=\"visibility: visible;\">Nadar c\/ Golfinhos<span style=\"display:none;\"> Acores Portugal<\/span><\/a><br \/>\n<a class=\"nectar-button medium extra-color-2 regular-button button-booking rezdy rezdy-modal\" href=\"https:\/\/terraazul.rezdy.com?lang=en\" title=\"Reservar Ver Baleias Acores\" data-color-override=\"false\" data-hover-color-override=\"false\" data-hover-text-color-override=\"#fff\" style=\"visibility: visible;\">Reservar<span style=\"display:none;\"> Ver Baleias Acores<\/span> 24\/7 Online<\/a><br \/>\n<a class=\"nectar_video_lightbox nectar-button medium see-through-2\" rel=\"prettyPhoto\" style=\"visibility: visible;\" href=\"https:\/\/www.youtube.com\/watch?v=CKBEbNmylZ4?enablejsapi=1&#038;origin=https:\/\/www.azoreswhalewatch.com&#038;autoplay=1\" title=\"Video Ver Baleias A\u00e7ores\" data-color-override=\"#999999\" data-hover-color-override=\"#676767\" data-hover-text-color-override=\"#fff\">Ver<span style=\"display:none;\"> Baleias Acores<\/span> o V\u00eddeo!<\/a><br \/>\n<a class=\"nectar-button medium extra-color-3 regular-button\" href=\"\/pt-pt\/contactos\" title=\"Reservar Ver Baleias Acores\" target=\"_blank\" data-color-override=\"false\" data-hover-color-override=\"false\" data-hover-text-color-override=\"#fff\" style=\"visibility: visible;\" rel=\"noopener\">Contacte-nos<\/a>\n<\/td>\n<td style=\"padding-left: 0px!important;\">\n<div><a><img class=\"aligncenter badges award-badge\" src=\"\/wp-content\/uploads\/excellence-award-badge.png\" alt=\"Premio Excel\u00eancia TripAdvisor\" title=\"Premio Excel\u00eancia TripAdvisor\" width=\"90\" height=\"90\" \/><\/a><\/div>\n<div><a href=\"https:\/\/www.azoreswhalewatch.com\/pt-pt\/termos-condicoes\"><img class=\"aligncenter badges guarantee-badge\" src=\"\/wp-content\/uploads\/whale-sightings-guarantee-badge.png\" alt=\"Garantia de Avistamentos\" title=\"Garantia de Avistamentos\" width=\"110\" height=\"110\" \/><\/a><\/div>\n<div><a><img class=\"aligncenter badges wca-badge\" src=\"\/wp-content\/uploads\/world-cetacean-alliance.png\" alt=\"Parceiro World Cetacean Alliance\" title=\"Parceiro World Cetacean Alliance\" width=\"100\" height=\"100\" \/><\/a><\/div>\n<\/td>\n<\/tr>\n<\/table>\n<\/div><div class=\"clear\"><\/div>\n<\/div><\/div>\n\n\t<div id=\"fws_69e34847d43d4\" class=\"full-width-section standard_section  \" style=\"background-color: #0167b9; padding-top: 30px; padding-bottom: 30px; \"> \n\n\t<div class=\"row-bg-wrap\"> <div class=\"row-bg  using-bg-color \" style=\"\"><\/div> <\/div>\n\n    <div class=\"col span_12 light\">\n\n    <div class=\"col span_12 section-title text-align-center extra-padding\">\n\t\t<h2>Quando a melhor altura para Ver Baleias e Golfinhos nos A\u00e7ores?<\/h2><\/div><div class=\"clear\"><\/div>\n<div class=\"col span_2 centered-text\" data-animation=\"\" data-delay=\"0\"><div class=\"nectar-milestone \"  data-ms-align=\"default\" > <div class=\"number default\" data-number-size=\"52\"><span>4<\/span><\/div> <div class=\"subject\" ><strong>Esp\u00e9cies Residentes<\/strong> de Cet\u00e1ceos<\/div> <\/div><\/div><div class=\"col span_2 centered-text\" data-animation=\"\" data-delay=\"0\"><div class=\"nectar-milestone \" data-symbol=\"%\" data-symbol-alignment=\"default\" data-symbol-pos=\"after\" data-symbol-size=\"36\" data-ms-align=\"default\" > <div class=\"number default\" data-number-size=\"52\"><span>99<\/span><\/div> <div class=\"subject\" ><strong>Probabilidade<\/strong> de Ver Cet\u00e1ceos<\/div> <\/div><\/div><div class=\"col span_2 centered-text\" data-animation=\"\" data-delay=\"0\"><div class=\"nectar-milestone \"  data-ms-align=\"default\" > <div class=\"number default\" data-number-size=\"52\"><span>28<\/span><\/div> <div class=\"subject\" ><strong>Esp\u00e9cies de Cet\u00e1ceos<\/strong> durante o ano<\/div> <\/div><\/div><div class=\"col span_2 centered-text\" data-animation=\"\" data-delay=\"0\"><div class=\"nectar-milestone \"  data-ms-align=\"default\" > <div class=\"number default\" data-number-size=\"52\"><span>3<\/span><\/div> <div class=\"subject\" >M\u00e9dia de <strong>Esp\u00e9cies por passeio<\/strong><\/div> <\/div><\/div><div class=\"col span_2 centered-text\" data-animation=\"\" data-delay=\"0\"><div class=\"nectar-milestone \" data-symbol=\"%\" data-symbol-alignment=\"default\" data-symbol-pos=\"after\" data-symbol-size=\"36\" data-ms-align=\"default\" > <div class=\"number default\" data-number-size=\"52\"><span>79<\/span><\/div> <div class=\"subject\" >Probabilidade de <strong>Ver Baleias<\/strong><\/div> <\/div><\/div><div class=\"col span_2 col_last centered-text\" data-animation=\"\" data-delay=\"0\"><div class=\"nectar-milestone \" data-symbol=\"%\" data-symbol-alignment=\"default\" data-symbol-pos=\"after\" data-symbol-size=\"36\" data-ms-align=\"default\" > <div class=\"number default\" data-number-size=\"52\"><span>100<\/span><\/div> <div class=\"subject\" ><strong>Probabilidade de Passeio Incr\u00edvel!<\/strong><\/div> <\/div><\/div><div class=\"clear\"><\/div>\n<\/div><\/div>\n\n\t<div id=\"fws_69e34847d466f\" class=\"full-width-section standard_section  \" style=\"background-color: #fff; padding-top: 30px; padding-bottom: 30px; \"> \n\n\t<div class=\"row-bg-wrap\"> <div class=\"row-bg  using-bg-color \" style=\"\"><\/div> <\/div>\n\n    <div class=\"col span_12 dark\">\n<div class=\"col span_4\" data-animation=\"\" data-delay=\"0\">\n<h3><i class=\"icon-default-style fa fa-cloud extra-color-3\"><\/i>Inverno<\/h3>\n<h4><i class=\"icon-tiny fa fa-home extra-color-3\"><\/i>Esp\u00e9cies Residentes (Todo o ano)<\/h4>\n<p>Cachalotes, Golfinhos Comuns, Golfinhos Roaz e Golfinhos de Risso.<\/p>\n<p><strong>Ocasionalmente:<\/strong> Golfinhos Riscados, Baleias de Bico \u2013 Blainville\u2019s, Baleias Gervais, Baleias Sowerby\u2019s, Baleias True\u2019s e Baleias Cuvier\u2019s.<br \/>\n<\/div>\n<div class=\"col span_4\" data-animation=\"\" data-delay=\"0\">\n<h3><i class=\"icon-default-style fa fa-trophy extra-color-3\"><\/i>Esta\u00e7\u00e3o Principal<\/h3>\n<h4><i class=\"icon-tiny fa fa-leaf extra-color-3\"><\/i>Na Primavera &#8211; Gigantes<\/h4>\n<p>Baleias de Barbas \u2013 Baleias Azuis, Baleias Comuns, Baleias Sardinheiras, Baleias Minke, Baleias de Barbas.<\/p>\n<p><strong>Ocasionalmente:<\/strong> Orcas.<\/p>\n<h4><i class=\"icon-tiny fa fa-sun-o extra-color-3\"><\/i>No Ver\u00e3o &#8211; Grupos<\/h4>\n<p>Baleias Piloto de Barbatana Curta, Baleias de Bryde, Baleia Bico de Garrafa, Golfinhos Pintados do Atl\u00e2ntico.<\/p>\n<p><strong>Ocasionalmente:<\/strong> Falsas Orcas.<\/p>\n<\/div>\n<div class=\"col span_4 col_last\" data-animation=\"\" data-delay=\"0\">\n<table id=\"transparentable2\" style=\"margin-top:-5px!important\")\n\n\n<tr>\n<th><a href=\"\/?cat=59\"><i class=\"icon-default-style fa fa-bar-chart extra-color-3\"><\/i>\u00daltimas Estat\u00edsticas (EN)<\/a><\/th>\n<tr>\n<td style=\"width:100%;\"><\/td>\n<\/tr>\n<\/table>\n<\/div><div class=\"clear\"><\/div>\n<\/div><\/div>\n","protected":false},"excerpt":{"rendered":"","protected":false},"author":41,"featured_media":25874,"parent":0,"menu_order":0,"comment_status":"closed","ping_status":"closed","template":"","meta":[],"yoast_head":"<!-- This site is optimized with the Yoast SEO plugin v17.9 - https:\/\/yoast.com\/wordpress\/plugins\/seo\/ -->\n<title>A\u00e7ores: Melhor Destino p\/ Observa\u00e7\u00e3o de Cet\u00e1ceos na Europa!<\/title>\n<meta name=\"description\" content=\"As melhores f\u00e9rias para ver Baleias e Nadar com Golfinhos, no destino verde mais sustent\u00e1vel. A 2 horas de Lisboa, Porto e Algarve, em Portugal!\" \/>\n<meta name=\"robots\" content=\"index, follow, max-snippet:-1, max-image-preview:large, max-video-preview:-1\" \/>\n<link rel=\"canonical\" href=\"https:\/\/www.azoreswhalewatch.com\/pt-pt\/melhor-destino-observacao-cetaceos\" \/>\n<meta property=\"og:locale\" content=\"pt_PT\" \/>\n<meta property=\"og:type\" content=\"article\" \/>\n<meta property=\"og:title\" content=\"A\u00e7ores: Melhor Destino p\/ Observa\u00e7\u00e3o de Cet\u00e1ceos na Europa!\" \/>\n<meta property=\"og:description\" content=\"As melhores f\u00e9rias para ver Baleias e Nadar com Golfinhos, no destino verde mais sustent\u00e1vel. A 2 horas de Lisboa, Porto e Algarve, em Portugal!\" \/>\n<meta property=\"og:url\" content=\"https:\/\/www.azoreswhalewatch.com\/pt-pt\/melhor-destino-observacao-cetaceos\" \/>\n<meta property=\"og:site_name\" content=\"TERRA AZUL\u2122\" \/>\n<meta property=\"article:modified_time\" content=\"2025-11-12T00:46:48+00:00\" \/>\n<meta property=\"og:image\" content=\"https:\/\/www.azoreswhalewatch.com\/wp-content\/uploads\/best-whale-watching-holidays.jpg\" \/>\n\t<meta property=\"og:image:width\" content=\"1508\" \/>\n\t<meta property=\"og:image:height\" content=\"450\" \/>\n\t<meta property=\"og:image:type\" content=\"image\/jpeg\" \/>\n<meta name=\"twitter:card\" content=\"summary_large_image\" \/>\n<!-- \/ Yoast SEO plugin. -->","yoast_head_json":{"title":"A\u00e7ores: Melhor Destino p\/ Observa\u00e7\u00e3o de Cet\u00e1ceos na Europa!","description":"As melhores f\u00e9rias para ver Baleias e Nadar com Golfinhos, no destino verde mais sustent\u00e1vel. A 2 horas de Lisboa, Porto e Algarve, em Portugal!","robots":{"index":"index","follow":"follow","max-snippet":"max-snippet:-1","max-image-preview":"max-image-preview:large","max-video-preview":"max-video-preview:-1"},"canonical":"https:\/\/www.azoreswhalewatch.com\/pt-pt\/melhor-destino-observacao-cetaceos","og_locale":"pt_PT","og_type":"article","og_title":"A\u00e7ores: Melhor Destino p\/ Observa\u00e7\u00e3o de Cet\u00e1ceos na Europa!","og_description":"As melhores f\u00e9rias para ver Baleias e Nadar com Golfinhos, no destino verde mais sustent\u00e1vel. A 2 horas de Lisboa, Porto e Algarve, em Portugal!","og_url":"https:\/\/www.azoreswhalewatch.com\/pt-pt\/melhor-destino-observacao-cetaceos","og_site_name":"TERRA AZUL\u2122","article_modified_time":"2025-11-12T00:46:48+00:00","og_image":[{"width":1508,"height":450,"url":"https:\/\/www.azoreswhalewatch.com\/wp-content\/uploads\/best-whale-watching-holidays.jpg","type":"image\/jpeg"}],"twitter_card":"summary_large_image","schema":{"@context":"https:\/\/schema.org","@graph":[{"@type":"WebSite","@id":"https:\/\/www.azoreswhalewatch.com\/#website","url":"https:\/\/www.azoreswhalewatch.com\/","name":"TERRA AZUL\u2122","description":"Tours in S\u00e3o Miguel near Ponta Delgada - in Portugal!","potentialAction":[{"@type":"SearchAction","target":{"@type":"EntryPoint","urlTemplate":"https:\/\/www.azoreswhalewatch.com\/?s={search_term_string}"},"query-input":"required name=search_term_string"}],"inLanguage":"pt-PT"},{"@type":"ImageObject","@id":"https:\/\/www.azoreswhalewatch.com\/pt-pt\/melhor-destino-observacao-cetaceos#primaryimage","inLanguage":"pt-PT","url":"https:\/\/www.azoreswhalewatch.com\/wp-content\/uploads\/best-whale-watching-holidays.jpg","contentUrl":"https:\/\/www.azoreswhalewatch.com\/wp-content\/uploads\/best-whale-watching-holidays.jpg","width":1508,"height":450,"caption":"Whale Watching Azores Best Time"},{"@type":["WebPage","FAQPage"],"@id":"https:\/\/www.azoreswhalewatch.com\/pt-pt\/melhor-destino-observacao-cetaceos#webpage","url":"https:\/\/www.azoreswhalewatch.com\/pt-pt\/melhor-destino-observacao-cetaceos","name":"A\u00e7ores: Melhor Destino p\/ Observa\u00e7\u00e3o de Cet\u00e1ceos na Europa!","isPartOf":{"@id":"https:\/\/www.azoreswhalewatch.com\/#website"},"primaryImageOfPage":{"@id":"https:\/\/www.azoreswhalewatch.com\/pt-pt\/melhor-destino-observacao-cetaceos#primaryimage"},"datePublished":"2015-01-21T03:19:04+00:00","dateModified":"2025-11-12T00:46:48+00:00","description":"As melhores f\u00e9rias para ver Baleias e Nadar com Golfinhos, no destino verde mais sustent\u00e1vel. A 2 horas de Lisboa, Porto e Algarve, em Portugal!","breadcrumb":{"@id":"https:\/\/www.azoreswhalewatch.com\/pt-pt\/melhor-destino-observacao-cetaceos#breadcrumb"},"inLanguage":"pt-PT","potentialAction":[{"@type":"ReadAction","target":["https:\/\/www.azoreswhalewatch.com\/pt-pt\/melhor-destino-observacao-cetaceos"]}]},{"@type":"BreadcrumbList","@id":"https:\/\/www.azoreswhalewatch.com\/pt-pt\/melhor-destino-observacao-cetaceos#breadcrumb","itemListElement":[{"@type":"ListItem","position":1,"name":"In\u00edcio","item":"https:\/\/www.azoreswhalewatch.com\/pt-pt"},{"@type":"ListItem","position":2,"name":"Melhor Destino para Observa\u00e7\u00e3o de Cet\u00e1ceos"}]}]}},"_links":{"self":[{"href":"https:\/\/www.azoreswhalewatch.com\/pt-pt\/wp-json\/wp\/v2\/pages\/3248"}],"collection":[{"href":"https:\/\/www.azoreswhalewatch.com\/pt-pt\/wp-json\/wp\/v2\/pages"}],"about":[{"href":"https:\/\/www.azoreswhalewatch.com\/pt-pt\/wp-json\/wp\/v2\/types\/page"}],"author":[{"embeddable":true,"href":"https:\/\/www.azoreswhalewatch.com\/pt-pt\/wp-json\/wp\/v2\/users\/41"}],"replies":[{"embeddable":true,"href":"https:\/\/www.azoreswhalewatch.com\/pt-pt\/wp-json\/wp\/v2\/comments?post=3248"}],"version-history":[{"count":0,"href":"https:\/\/www.azoreswhalewatch.com\/pt-pt\/wp-json\/wp\/v2\/pages\/3248\/revisions"}],"wp:featuredmedia":[{"embeddable":true,"href":"https:\/\/www.azoreswhalewatch.com\/pt-pt\/wp-json\/wp\/v2\/media\/25874"}],"wp:attachment":[{"href":"https:\/\/www.azoreswhalewatch.com\/pt-pt\/wp-json\/wp\/v2\/media?parent=3248"}],"curies":[{"name":"wp","href":"https:\/\/api.w.org\/{rel}","templated":true}]}}