{"id":3275,"date":"2015-01-21T02:11:25","date_gmt":"2015-01-21T03:11:25","guid":{"rendered":"http:\/\/www.azoreswhalewatch.com\/?page_id=3275"},"modified":"2025-09-01T01:50:08","modified_gmt":"2025-09-01T01:50:08","slug":"ver-baleias-nos-acores","status":"publish","type":"page","link":"https:\/\/www.azoreswhalewatch.com\/pt-pt\/ver-baleias-nos-acores","title":{"rendered":"Ver Baleias A\u00e7ores"},"content":{"rendered":"<div style=\"height: 600px\" data-midnight=\"nectar-slider\" data-transition=\"swipe\" data-overall_style=\"classic\" data-flexible-height=\"true\" data-animate-in-effect=\"none\" data-fullscreen=\"false\" data-button-sizing=\"large\" data-button-styling=\"btn_with_count\" data-autorotate=\"\" data-parallax=\"false\" data-full-width=\"true\" class=\"nectar-slider-wrap first-section\" id=\"ns-id-69db721b9ae1f\">\r\n\t\t\t<div style=\"height: 600px\" class=\"swiper-container\"  data-tho=\"auto\" data-tco=\"auto\" data-pho=\"auto\" data-pco=\"auto\" data-loop=\"true\" data-height=\"600\" data-min-height=\"\" data-arrows=\"false\" data-bullets=\"false\" data-bullet_style=\"see_through\" data-desktop-swipe=\"false\" data-settings=\"\">\r\n\t\t\t\t    <div class=\"swiper-wrapper\"><div class=\"swiper-slide\" data-bg-alignment=\"top\" data-color-scheme=\"light\" data-x-pos=\"right\" data-y-pos=\"middle\"> \r\n\t\t\t\t\t\t\t\t<div class=\"image-bg\" style=\"background-image: url(https:\/\/www.azoreswhalewatch.com\/wp-content\/uploads\/whale-watching-azores-1-1476px.jpg);\"> &nbsp; <\/div><div class=\"container\">\r\n\t\t\t\t\t\t\t\t\t<div class=\"content\"><h2>Ver Baleias<\/h2><p class=\"transparent-bg\" ><span><span style=\"display: none;\">Ver Baleias nos Acores em Sao Miguel e Ponta Delgada. <\/span>A Aventura mais excitante dos A\u00e7ores!<\/span><\/p><div class=\"buttons\"><div class=\"button transparent_2\">\r\n\t\t\t\t\t\t\t\t\t\t\t\t \t\t <a class=\"extra-color-1\" href=\"\/pt-pt\/ver-baleias-nos-acores\">Saber Mais<span style=\"display:none;\"> sobre Ver Baleias nos Acores<\/span><\/a>\r\n\t\t\t\t\t\t\t\t\t\t\t\t \t <\/div><div class=\"button transparent_2\">\r\n\t\t\t\t\t\t\t\t\t\t\t\t \t\t <a class=\"extra-color-2\" href=\"\/\/terraazul.rezdy.com\/catalog\/170306\/marine-tours?lang=pt#\">Reservar<span style=\"display:none;\"> Ver Baleias Acores<\/span><\/a>\r\n\t\t\t\t\t\t\t\t\t\t\t\t \t <\/div><\/div><\/div>\r\n\t\t\t\t\t\t\t\t<\/div><!--\/container--><a href=\"#\" class=\"slider-down-arrow no-border\"><svg class=\"nectar-scroll-icon\" viewBox=\"0 0 30 45\" enable-background=\"new 0 0 30 45\">\r\n\t\t\t\t\t                \t\t\t<path class=\"nectar-scroll-icon-path\" fill=\"none\" stroke=\"#ffffff\" stroke-width=\"2\" stroke-miterlimit=\"10\" d=\"M15,1.118c12.352,0,13.967,12.88,13.967,12.88v18.76  c0,0-1.514,11.204-13.967,11.204S0.931,32.966,0.931,32.966V14.05C0.931,14.05,2.648,1.118,15,1.118z\"><\/path>\r\n\t\t\t\t\t            \t\t\t  <\/svg><\/a><div class=\"video-texture \"> <span class=\"ie-fix\"><\/span> <\/div><\/div><!--\/swiper-slide--><\/div><div class=\"nectar-slider-loading \"> <span class=\"loading-icon spin\">   <\/span> <\/div> <\/div> \r\n\t\t\t\t\r\n\t\t\t<\/div>\n\n\t<div id=\"fws_69db721b9c623\" class=\"full-width-section standard_section  \" style=\"background-color: #fff; padding-top: 30px; padding-bottom: 0px; \"> \n\n\t<div class=\"row-bg-wrap\"> <div class=\"row-bg  using-bg-color \" style=\"\"><\/div> <\/div>\n\n    <div class=\"col span_12 dark\">\n<h1 style=\"display:none\">Ver Baleias A\u00e7ores<\/h1>\n<div class=\"testimonials-widget-testimonials testimonials-widget-testimonials100000\">\n<div class=\"testimonials-widget-testimonial post-8609 testimonials-widget type-testimonials-widget status-publish has-post-thumbnail testimonials-widget-category-testemunhos-observacao-cetaceos\" style=\"\">\n<!-- testimonials-widget-testimonials:8609: -->\n<span class=\"image\"><img width=\"150\" height=\"26\" src=\"\/\/www.azoreswhalewatch.com\/wp-content\/uploads\/tripadvisor.png\" class=\"attachment-thumbnail size-thumbnail wp-post-image\" alt=\"\" \/><\/span>\n\t\t<blockquote><span class=\"open-quote\"><\/span>Staff amig\u00e1vel e conhecedor da vida marinha, at\u00e9 traduziram os nomes das diferentes baleias e golfinhos para as v\u00e1rias linguas de todos passageiros.<span class=\"close-quote\"><\/span><\/blockquote>\n\t\t\t<div class=\"credit\"><span class=\"author\">Frida<\/span><span class=\"join\"><\/span><span class=\"company\">no TripAdvisor<\/span><span class=\"join-location\"><\/span><span class=\"location\">Gutemburgo - Su\u00e9cia<\/span><\/div>\n\t<\/div>\n<div class=\"testimonials-widget-testimonial post-17322 testimonials-widget type-testimonials-widget status-publish has-post-thumbnail testimonials-widget-category-testemunhos-nadar-golfinhos testimonials-widget-category-testemunhos-observacao-cetaceos testimonials-widget-category-observacao-de-aves-marinhas testimonials-widget-category-testemunhos-empresa\" style=\"display: none;\">\n<!-- testimonials-widget-testimonials:17322: -->\n<span class=\"image\"><img width=\"150\" height=\"26\" src=\"\/\/www.azoreswhalewatch.com\/wp-content\/uploads\/tripadvisor.png\" class=\"attachment-thumbnail size-thumbnail wp-post-image\" alt=\"\" \/><\/span>\n\t\t<blockquote><span class=\"open-quote\"><\/span>Grande experi\u00eancia!!! Pessoas honestas que apenas saem quando a probabilidade \u00e9 quase 100% para ver animais.<span class=\"close-quote\"><\/span><\/blockquote>\n\t\t\t<div class=\"credit\"><span class=\"author\">Erik<\/span><span class=\"join\"><\/span><span class=\"company\">no TripAdvisor<\/span><span class=\"join-location\"><\/span><span class=\"location\">Ekeren - Belgica<\/span><\/div>\n\t<\/div>\n<div class=\"testimonials-widget-testimonial post-8608 testimonials-widget type-testimonials-widget status-publish has-post-thumbnail testimonials-widget-category-testemunhos-nadar-golfinhos testimonials-widget-category-testemunhos-observacao-cetaceos testimonials-widget-category-testemunhos-empresa\" style=\"display: none;\">\n<!-- testimonials-widget-testimonials:8608: -->\n<span class=\"image\"><img width=\"150\" height=\"26\" src=\"\/\/www.azoreswhalewatch.com\/wp-content\/uploads\/tripadvisor.png\" class=\"attachment-thumbnail size-thumbnail wp-post-image\" alt=\"\" \/><\/span>\n\t\t<blockquote><span class=\"open-quote\"><\/span>A equipa Terra Azul \u00e9 conhecedora e especialista. As viagens s\u00e3o bem organizadas e bom valor pelo dinheiro.<span class=\"close-quote\"><\/span><\/blockquote>\n\t\t\t<div class=\"credit\"><span class=\"author\">John & Chris S.<\/span><span class=\"join\"><\/span><span class=\"company\">no TripAdvisor<\/span><span class=\"join-location\"><\/span><span class=\"location\">Portsmouth - UK<\/span><\/div>\n\t<\/div>\n<div class=\"testimonials-widget-testimonial post-8610 testimonials-widget type-testimonials-widget status-publish has-post-thumbnail testimonials-widget-category-testemunhos-nadar-golfinhos testimonials-widget-category-testemunhos-observacao-cetaceos testimonials-widget-category-testemunhos-empresa\" style=\"display: none;\">\n<!-- testimonials-widget-testimonials:8610: -->\n<span class=\"image\"><img width=\"150\" height=\"26\" src=\"\/\/www.azoreswhalewatch.com\/wp-content\/uploads\/tripadvisor.png\" class=\"attachment-thumbnail size-thumbnail wp-post-image\" alt=\"\" \/><\/span>\n\t\t<blockquote><span class=\"open-quote\"><\/span>Viagem incrivel. Bem organizada, com Vigias em Terra orientando o barco. Guia conhecedor e ador\u00e1vel. Definitivamente uma escolha certa.<span class=\"close-quote\"><\/span><\/blockquote>\n\t\t\t<div class=\"credit\"><span class=\"author\">John S.<\/span><span class=\"join\"><\/span><span class=\"company\">no TripAdvisor<\/span><span class=\"join-location\"><\/span><span class=\"location\">Riyadh, Arabia Saudita<\/span><\/div>\n\t<\/div>\n<div class=\"testimonials-widget-testimonial post-3307 testimonials-widget type-testimonials-widget status-publish has-post-thumbnail testimonials-widget-category-testemunhos-nadar-golfinhos testimonials-widget-category-testemunhos-observacao-cetaceos testimonials-widget-category-testemunhos-empresa\" style=\"display: none;\">\n<!-- testimonials-widget-testimonials:3307: -->\n<span class=\"image\"><img width=\"150\" height=\"26\" src=\"\/\/www.azoreswhalewatch.com\/wp-content\/uploads\/tripadvisor.png\" class=\"attachment-thumbnail size-thumbnail wp-post-image\" alt=\"\" \/><\/span>\n\t\t<blockquote><span class=\"open-quote\"><\/span>Certamente uma experi\u00eancia de contacto direto com a Natureza, organizada por uma equipa carinhosa, quente, e apaixonada. Esta foi, sem d\u00favida, a melhor experi\u00eancia da nossa viagem aos A\u00e7ores.<span class=\"close-quote\"><\/span><\/blockquote>\n\t\t\t<div class=\"credit\"><span class=\"author\">Bron<\/span><span class=\"join\"><\/span><span class=\"company\">on TripAdvisor<\/span><span class=\"join-location\"><\/span><span class=\"location\">Arundel, UK<\/span><\/div>\n\t<\/div>\n<\/div>\n\n<p style=\"text-align: right; color: #c8c8c8; font-size: 85%;\">+ Reviews no <a title=\"Baleias A\u00e7ores no TripAdvisor\" href=\"https:\/\/www.tripadvisor.com\/Attraction_Review-d1930043\" target=\"_blank\" rel=\"noopener\">TripAdvisor<\/a> <a title=\"Baleias A\u00e7ores no FourSquare\" href=\"https:\/\/foursquare.com\/v\/524bf41f11d27ce8431a4f76\" target=\"_blank\" rel=\"noopener\">FourSquare<\/a> <a title=\"Baleias A\u00e7ores no Yelp\" href=\"https:\/\/www.yelp.com\/biz\/CuJwWLY34nRYWg7KLxl8BA\" target=\"_blank\" rel=\"noopener\">Yelp<\/a> <a title=\"Baleias A\u00e7ores no Google\" href=\"https:\/\/search.google.com\/local\/reviews?placeid=ChIJU52Xk2AmXQsRg6aOtguhCK4\" target=\"_blank\" rel=\"publisher noopener\">Google+<\/a> <a title=\"Baleias A\u00e7ores no Facebook\" href=\"https:\/\/www.facebook.com\/778132172276733\/reviews\" target=\"_blank\" rel=\"noopener\">Facebook<\/a><\/p>\n<\/div><\/div>\n\n\t<div id=\"fws_69db721ba0c67\" class=\"full-width-section standard_section  \" style=\"padding-top: 20px; padding-bottom: 30px; \"> \n\n\t<div class=\"row-bg-wrap\"> <div class=\"row-bg   \" style=\"\"><\/div> <\/div>\n\n    <div class=\"col span_12 dark\">\n<div class=\"col span_8\" data-animation=\"\" data-delay=\"0\">\n<div class=\"col span_4\" data-animation=\"\" data-delay=\"0\">\n<h4><i class=\"icon-default-style fa fa-hand-o-right extra-color-3\"><\/i>Aprox. 3 horas<\/h4>\n<h4><i class=\"icon-default-style fa fa-check-square-o fa-fw extra-color-3\"><\/i>2 Atra\u00e7\u00f5es Principais<\/h4>\n<h4><i class=\"icon-default-style fa fa-heart fa-fw extra-color-3\"><\/i>Guia Bi\u00f3logo Marinho<\/h4>\n<h4><i class=\"icon-default-style fa fa-compass fa-fw extra-color-3\"><\/i>Barco Zodiaco Especializado<\/h4>\n<h4><i class=\"icon-default-style fa fa-comments-o fa-fw extra-color-3\"><\/i>Vigias Baleeiras em Terra<\/h4>\n<h4><i class=\"icon-default-style fa fa-users extra-color-3\"><\/i>Rec. Fam\u00edlia e Crian\u00e7as<\/h4>\n<h4><i class=\"icon-default-style fa fa-repeat fa-fw extra-color-3\"><\/i>Volta de Barco ao Ilh\u00e9u<\/h4>\n<table id=\"transparentable2\" style=\"margin-top: 5px!important;\")\n\n\n<tr>\n<th style=\"padding-left: 20px!important;padding-right:5px!important;padding-top: 4px!important; padding-bottom: 4px!important;\"><i class=\"icon-default-style fa fa-clock-o extra-color-3\"><\/i>Sa\u00eddas Di\u00e1rias<\/th>\n<tr>\n<td style=\"padding-left: 20px!important;padding-right:5px!important;\">08:30 Manh\u00e3<\/td>\n<\/tr>\n<tr>\n<td style=\"padding-left: 20px!important;padding-right:5px!important;\">12:30 In\u00edcio da Tarde<\/td>\n<\/tr>\n<tr>\n<td style=\"padding-left: 20px!important;padding-right:5px!important;\">15:40 Fim de Tarde [Abr-Set]<\/td>\n<\/tr>\n<\/table>\n<\/div>\n<strong>Ver Baleias e Golfinhos \u00e9 sem d\u00favida uma das mais excitantes Aventuras dos A\u00e7ores!<\/strong><\/p>\n<p>Aprecie um divertido passeio de barco procurando ver Baleias e Golfinhos, aprender mais sobre a diversidade de Vida Marinha &#8211; desde Tartarugas, Aves Marinhas, Peixes&#8230; e muitas surpresas da Natureza. \u00c9 uma oportunidade deslumbrante para passear de barco pela costa, ver Vulc\u00f5es, e os descobrir os segredos mais bem guardados da Vida Marinha dos A\u00e7ores.<\/p>\n<p>A aventura come\u00e7a com briefing de 20 minutos, introduzindo \u00e0s Baleias e Golfinhos presentes a procurar, e acerca de seu habitat natural, comunica\u00e7\u00e3o e comportamentos. Um Guia Bi\u00f3logo Marinho ou Naturalista vai estar sempre dispon\u00edvel durante todo o passeio para o informar sobre o que est\u00e1 a observar, e responder a todas as suas perguntas.<\/p>\n<p>Baleias e Golfinhos s\u00e3o avistados a partir de terra alta pelas Vigias Baleeiras, comunicando orienta\u00e7\u00f5es atrav\u00e9s de r\u00e1dio VHF para nossas embarca\u00e7\u00f5es, indicando para onde estas se deslocar\u00e3o r\u00e1pido para encontrar vida selvagem &#8211; segure-se ao assento, divirta-se, e aprecie a costa e vulc\u00f5es da ilha na companhia das Baleias e dos Golfinhos do Oceano Atl\u00e2ntico.<\/p>\n<p><strong>Recomendamos<\/strong> que esteja em nossa Base 15 minutos para registo e para Briefing. Por favor traga sua \u00c1gua, protector solar, alguma roupa para temperaturas vari\u00e1veis. Refei\u00e7\u00f5es ligeiras s\u00e3o permitidas a bordo. Uma c\u00e2mara fotogr\u00e1fica \u00e9 essencial, especialmente para amantes da Fotografia.<\/p>\n<p>Pode ir ver Baleias e Golfinhos independentemente da sua condi\u00e7\u00e3o f\u00edsica, mas sempre dependente das condi\u00e7\u00f5es meteorol\u00f3gicas e seguran\u00e7a no mar.<\/p>\n<p><strong>INADEQUADO PARA gr\u00e1vidas<\/strong>, com problemas de costas, em cadeira de rodas ou condi\u00e7\u00f5es delicadas de sa\u00fade, ou crian\u00e7as menores de 4 anos.<br \/>\n<\/div>\n<div class=\"col span_4 col_last\" data-animation=\"\" data-delay=\"0\"><div class=\"row pricing-table two-cols\" data-style=\"default\">\n<div class=\"pricing-column \">\n  \t\t\t<h3>Esta\u00e7\u00e3o<\/h3>\n            <div class=\"pricing-column-content\">\n\t\t\t\t<h4> <span class=\"dollar-sign\">\u20ac<\/span>62 <\/h4>\n\t\t\t\t<span class=\"interval\">Crian\u00e7a \u20ac45<\/span>\n<ul class=\"features\">\n<li>[1 Out &#8211; 31 Mar]<\/li>\n<li><strong>INCLUI<\/strong> Volta ao Ilh\u00e9u de Vila Franca!<\/li>\n<li><i class=\"fa fa-eye fa-lg\"><\/i>Avistamentos Garantidos<\/li>\n<li><i class=\"fa fa-shield fa-lg\"><\/i>Certificado Clean &#038; Safe<\/li>\n<li><i class=\"fa fa-check fa-lg\"><\/i>Confirma\u00e7\u00e3o Imediata<\/li>\n<li><i class=\"fa fa-thumbs-o-up fa-lg\"><\/i>Cancelamento Gratuito<\/li>\n<\/ul>\n<a class=\"nectar-button medium extra-color-2 regular-button\"  href=\"\/pt-pt\/contactos\/\" data-color-override=\"false\" data-hover-color-override=\"false\" data-hover-text-color-override=\"#fff\"><span>Reservar<\/span><\/a><\/div><\/div>\n<div class=\"pricing-column \">\n  \t\t\t<h3>Esta\u00e7\u00e3o Alta<\/h3>\n            <div class=\"pricing-column-content\">\n\t\t\t\t<h4> <span class=\"dollar-sign\">\u20ac<\/span>72 <\/h4>\n\t\t\t\t<span class=\"interval\">Crian\u00e7a \u20ac54<\/span>\n<ul class=\"features\">\n<li>[1 Abr &#8211; 30 Set]<\/li>\n<li><strong>INCLUI<\/strong> Volta ao Ilh\u00e9u de Vila Franca!<\/li>\n<li><i class=\"fa fa-eye fa-lg\"><\/i>Avistamentos Garantidos<\/li>\n<li><i class=\"fa fa-shield fa-lg\"><\/i>Certificado Clean &#038; Safe<\/li>\n<li><i class=\"fa fa-check fa-lg\"><\/i>Confirma\u00e7\u00e3o Imediata<\/li>\n<li><i class=\"fa fa-thumbs-o-up fa-lg\"><\/i>Cancelamento Gratuito<\/li>\n<\/ul>\n<a class=\"nectar-button medium extra-color-2 regular-button\"  href=\"\/pt-pt\/contactos\/\" data-color-override=\"false\" data-hover-color-override=\"false\" data-hover-text-color-override=\"#fff\"><span>Reservar<\/span><\/a><\/div><\/div>\n<img class=\"paysafe-trust-badge\" src=\"\/wp-content\/uploads\/payment-trust-600-offset.png\" alt=\"Safe Payments\" title=\"Safe Payments\"\/><br \/>\n<\/div>\n<table id=\"transparentable2\" style=\"margin-bottom:8px!important;border:1px solid #e4e4e4!important;\")\n\n\n<tr>\n<td style=\"width:67%;\">\n<a class=\"nectar-button medium extra-color-1 regular-button\" href=\"\/pt-pt\/nadar-com-golfinhos-nos-acores\" title=\"Nadar Golfinhos Acores Portugal\" data-color-override=\"false\" data-hover-color-override=\"false\" data-hover-text-color-override=\"#fff\" style=\"visibility: visible;\">Nadar c\/ Golfinhos<span style=\"display:none;\"> Acores Portugal<\/span><\/a><br \/>\n<a class=\"nectar-button medium see-through-2\" style=\"visibility:visible;\" title=\"Ver Baleias A\u00e7ores Melhor Altura\" href=\"\/pt-pt\/melhor-destino-observacao-cetaceos#whalefacts\" data-color-override=\"#999999\" data-hover-color-override=\"false\" data-hover-text-color-override=\"#fff\">A Melhor Altura do Ano<span style=\"display:none;\"> Ver Baleias A\u00e7ores<\/span>?<\/a><br \/>\n<a class=\"nectar_video_lightbox nectar-button medium see-through-2\" rel=\"prettyPhoto\" style=\"visibility: visible;\" href=\"https:\/\/www.youtube.com\/watch?v=CKBEbNmylZ4?enablejsapi=1&#038;origin=https:\/\/www.azoreswhalewatch.com&#038;autoplay=1\" title=\"Video Ver Baleias A\u00e7ores\" data-color-override=\"#999999\" data-hover-color-override=\"#676767\" data-hover-text-color-override=\"#fff\">Ver<span style=\"display:none;\"> Baleias Acores<\/span> o V\u00eddeo!<\/a><br \/>\n<a class=\"nectar-button medium extra-color-3 regular-button\" href=\"\/pt-pt\/contactos\" title=\"Reservar Ver Baleias Acores\" target=\"_blank\" data-color-override=\"false\" data-hover-color-override=\"false\" data-hover-text-color-override=\"#fff\" style=\"visibility: visible;\" rel=\"noopener\">Contacte-nos<\/a>\n<\/td>\n<td style=\"padding-left: 0px!important;\">\n<div><a><img class=\"aligncenter badges award-badge\" src=\"\/wp-content\/uploads\/excellence-award-badge.png\" alt=\"Premio Excel\u00eancia TripAdvisor\" title=\"Excel\u00eancia TripAdvisor\" width=\"90\" height=\"90\" \/><\/a><\/div>\n<div><a href=\"https:\/\/www.azoreswhalewatch.com\/pt-pt\/termos-condicoes\"><img class=\"aligncenter badges guarantee-badge\" src=\"\/wp-content\/uploads\/whale-sightings-guarantee-badge.png\" alt=\"Garantia de Avistamentos\" title=\"Garantia Avistamentos\" width=\"110\" height=\"110\" \/><\/a><\/div>\n<div><a><img class=\"aligncenter badges wca-badge\" src=\"\/wp-content\/uploads\/world-cetacean-alliance.png\" alt=\"Parceiro World Cetacean Alliance\" title=\"Parceiro World Cetacean Alliance\" width=\"100\" height=\"100\" \/><\/a><\/div>\n<\/td>\n<\/table>\n<\/div><div class=\"clear\"><\/div>\n<\/div><\/div>\n","protected":false},"excerpt":{"rendered":"","protected":false},"author":41,"featured_media":29475,"parent":0,"menu_order":0,"comment_status":"closed","ping_status":"closed","template":"","meta":[],"yoast_head":"<!-- This site is optimized with the Yoast SEO plugin v17.9 - https:\/\/yoast.com\/wordpress\/plugins\/seo\/ -->\n<title>Ver Baleias nos A\u00e7ores, em S\u00e3o Miguel | AzoresWhaleWatch.com<\/title>\n<meta name=\"description\" content=\"Ver Baleias nos A\u00e7ores, em S\u00e3o Miguel, perto de Ponta Delgada. Hor\u00e1rio e Pre\u00e7os, Reserve aqui para TOUR GR\u00c1TIS de barco ao Ilh\u00e9u de Vila Franca!\" \/>\n<meta name=\"robots\" content=\"index, follow, max-snippet:-1, max-image-preview:large, max-video-preview:-1\" \/>\n<link rel=\"canonical\" href=\"https:\/\/www.azoreswhalewatch.com\/pt-pt\/ver-baleias-nos-acores\" \/>\n<meta property=\"og:locale\" content=\"pt_PT\" \/>\n<meta property=\"og:type\" content=\"article\" \/>\n<meta property=\"og:title\" content=\"Ver Baleias nos A\u00e7ores, em S\u00e3o Miguel | AzoresWhaleWatch.com\" \/>\n<meta property=\"og:description\" content=\"Ver Baleias nos A\u00e7ores, em S\u00e3o Miguel, perto de Ponta Delgada. Hor\u00e1rio e Pre\u00e7os, Reserve aqui para TOUR GR\u00c1TIS de barco ao Ilh\u00e9u de Vila Franca!\" \/>\n<meta property=\"og:url\" content=\"https:\/\/www.azoreswhalewatch.com\/pt-pt\/ver-baleias-nos-acores\" \/>\n<meta property=\"og:site_name\" content=\"TERRA AZUL\u2122\" \/>\n<meta property=\"article:modified_time\" content=\"2025-09-01T01:50:08+00:00\" \/>\n<meta property=\"og:image\" content=\"https:\/\/www.azoreswhalewatch.com\/wp-content\/uploads\/whale-watching-azores-sao-miguel.jpg\" \/>\n<meta name=\"twitter:card\" content=\"summary_large_image\" \/>\n<meta name=\"twitter:image\" content=\"https:\/\/www.azoreswhalewatch.com\/wp-content\/uploads\/whale-watching-azores-sao-miguel.jpg\" \/>\n<!-- \/ Yoast SEO plugin. -->","yoast_head_json":{"title":"Ver Baleias nos A\u00e7ores, em S\u00e3o Miguel | AzoresWhaleWatch.com","description":"Ver Baleias nos A\u00e7ores, em S\u00e3o Miguel, perto de Ponta Delgada. Hor\u00e1rio e Pre\u00e7os, Reserve aqui para TOUR GR\u00c1TIS de barco ao Ilh\u00e9u de Vila Franca!","robots":{"index":"index","follow":"follow","max-snippet":"max-snippet:-1","max-image-preview":"max-image-preview:large","max-video-preview":"max-video-preview:-1"},"canonical":"https:\/\/www.azoreswhalewatch.com\/pt-pt\/ver-baleias-nos-acores","og_locale":"pt_PT","og_type":"article","og_title":"Ver Baleias nos A\u00e7ores, em S\u00e3o Miguel | AzoresWhaleWatch.com","og_description":"Ver Baleias nos A\u00e7ores, em S\u00e3o Miguel, perto de Ponta Delgada. Hor\u00e1rio e Pre\u00e7os, Reserve aqui para TOUR GR\u00c1TIS de barco ao Ilh\u00e9u de Vila Franca!","og_url":"https:\/\/www.azoreswhalewatch.com\/pt-pt\/ver-baleias-nos-acores","og_site_name":"TERRA AZUL\u2122","article_modified_time":"2025-09-01T01:50:08+00:00","og_image":[{"url":"https:\/\/www.azoreswhalewatch.com\/wp-content\/uploads\/whale-watching-azores-sao-miguel.jpg"}],"twitter_card":"summary_large_image","twitter_image":"https:\/\/www.azoreswhalewatch.com\/wp-content\/uploads\/whale-watching-azores-sao-miguel.jpg","schema":{"@context":"https:\/\/schema.org","@graph":[{"@type":"WebSite","@id":"https:\/\/www.azoreswhalewatch.com\/#website","url":"https:\/\/www.azoreswhalewatch.com\/","name":"TERRA AZUL\u2122","description":"Tours in S\u00e3o Miguel near Ponta Delgada - in Portugal!","potentialAction":[{"@type":"SearchAction","target":{"@type":"EntryPoint","urlTemplate":"https:\/\/www.azoreswhalewatch.com\/?s={search_term_string}"},"query-input":"required name=search_term_string"}],"inLanguage":"pt-PT"},{"@type":"ImageObject","@id":"https:\/\/www.azoreswhalewatch.com\/pt-pt\/ver-baleias-nos-acores#primaryimage","inLanguage":"pt-PT","url":"","contentUrl":""},{"@type":"WebPage","@id":"https:\/\/www.azoreswhalewatch.com\/pt-pt\/ver-baleias-nos-acores#webpage","url":"https:\/\/www.azoreswhalewatch.com\/pt-pt\/ver-baleias-nos-acores","name":"Ver Baleias nos A\u00e7ores, em S\u00e3o Miguel | AzoresWhaleWatch.com","isPartOf":{"@id":"https:\/\/www.azoreswhalewatch.com\/#website"},"primaryImageOfPage":{"@id":"https:\/\/www.azoreswhalewatch.com\/pt-pt\/ver-baleias-nos-acores#primaryimage"},"datePublished":"2015-01-21T03:11:25+00:00","dateModified":"2025-09-01T01:50:08+00:00","description":"Ver Baleias nos A\u00e7ores, em S\u00e3o Miguel, perto de Ponta Delgada. Hor\u00e1rio e Pre\u00e7os, Reserve aqui para TOUR GR\u00c1TIS de barco ao Ilh\u00e9u de Vila Franca!","breadcrumb":{"@id":"https:\/\/www.azoreswhalewatch.com\/pt-pt\/ver-baleias-nos-acores#breadcrumb"},"inLanguage":"pt-PT","potentialAction":[{"@type":"ReadAction","target":["https:\/\/www.azoreswhalewatch.com\/pt-pt\/ver-baleias-nos-acores"]}]},{"@type":"BreadcrumbList","@id":"https:\/\/www.azoreswhalewatch.com\/pt-pt\/ver-baleias-nos-acores#breadcrumb","itemListElement":[{"@type":"ListItem","position":1,"name":"In\u00edcio","item":"https:\/\/www.azoreswhalewatch.com\/pt-pt"},{"@type":"ListItem","position":2,"name":"Ver Baleias A\u00e7ores"}]}]}},"_links":{"self":[{"href":"https:\/\/www.azoreswhalewatch.com\/pt-pt\/wp-json\/wp\/v2\/pages\/3275"}],"collection":[{"href":"https:\/\/www.azoreswhalewatch.com\/pt-pt\/wp-json\/wp\/v2\/pages"}],"about":[{"href":"https:\/\/www.azoreswhalewatch.com\/pt-pt\/wp-json\/wp\/v2\/types\/page"}],"author":[{"embeddable":true,"href":"https:\/\/www.azoreswhalewatch.com\/pt-pt\/wp-json\/wp\/v2\/users\/41"}],"replies":[{"embeddable":true,"href":"https:\/\/www.azoreswhalewatch.com\/pt-pt\/wp-json\/wp\/v2\/comments?post=3275"}],"version-history":[{"count":0,"href":"https:\/\/www.azoreswhalewatch.com\/pt-pt\/wp-json\/wp\/v2\/pages\/3275\/revisions"}],"wp:featuredmedia":[{"embeddable":true,"href":"https:\/\/www.azoreswhalewatch.com\/pt-pt\/wp-json\/wp\/v2\/media\/29475"}],"wp:attachment":[{"href":"https:\/\/www.azoreswhalewatch.com\/pt-pt\/wp-json\/wp\/v2\/media?parent=3275"}],"curies":[{"name":"wp","href":"https:\/\/api.w.org\/{rel}","templated":true}]}}