{"id":3281,"date":"2015-01-21T02:12:09","date_gmt":"2015-01-21T03:12:09","guid":{"rendered":"http:\/\/www.azoreswhalewatch.com\/?page_id=3281"},"modified":"2025-09-01T01:41:37","modified_gmt":"2025-09-01T01:41:37","slug":"nadar-com-golfinhos-nos-acores","status":"publish","type":"page","link":"https:\/\/www.azoreswhalewatch.com\/pt-pt\/nadar-com-golfinhos-nos-acores","title":{"rendered":"Nadar com Golfinhos nos A\u00e7ores S\u00e3o Miguel Ponta Delgada"},"content":{"rendered":"<h1 style=\"display:none\">Nadar com Golfinhos nos A\u00e7ores Sao Miguel Ponta Delgada<\/h1>\n<div style=\"height: 640px\"  data-transition=\"swipe\" data-overall_style=\"classic\" data-flexible-height=\"true\" data-animate-in-effect=\"none\" data-fullscreen=\"false\" data-button-sizing=\"large\" data-button-styling=\"btn_with_count\" data-autorotate=\"\" data-parallax=\"false\" data-full-width=\"true\" class=\"nectar-slider-wrap \" id=\"ns-id-69f2792259b39\">\r\n\t\t\t<div style=\"height: 640px\" class=\"swiper-container\"  data-tho=\"auto\" data-tco=\"auto\" data-pho=\"auto\" data-pco=\"auto\" data-loop=\"true\" data-height=\"640\" data-min-height=\"\" data-arrows=\"false\" data-bullets=\"false\" data-bullet_style=\"see_through\" data-desktop-swipe=\"false\" data-settings=\"\">\r\n\t\t\t\t    <div class=\"swiper-wrapper\"><div class=\"swiper-slide\" data-bg-alignment=\"center\" data-color-scheme=\"light\" data-x-pos=\"right\" data-y-pos=\"middle\"> \r\n\t\t\t\t\t\t\t\t<div class=\"image-bg\" style=\"background-image: url(https:\/\/www.azoreswhalewatch.com\/wp-content\/uploads\/azores-swim-dolphins-portugal-1476px.jpg);\"> &nbsp; <\/div><div class=\"container\">\r\n\t\t\t\t\t\t\t\t\t<div class=\"content\"><h2>Nadar c\/ Golfinhos<\/h2><p class=\"transparent-bg\" ><span><span style=\"display:none;\">Nadar com Golfinhos nos Acores. <\/span>Uma experi\u00eancia fant\u00e1stica e inesquec\u00edvel!<\/span><\/p><div class=\"buttons\"><div class=\"button transparent_2\">\r\n\t\t\t\t\t\t\t\t\t\t\t\t \t\t <a class=\"extra-color-1\" href=\"\/pt-pt\/nadar-com-golfinhos-nos-acores\/\">Saber Mais<\/a>\r\n\t\t\t\t\t\t\t\t\t\t\t\t \t <\/div><div class=\"button transparent_2\">\r\n\t\t\t\t\t\t\t\t\t\t\t\t \t\t <a class=\"extra-color-2\" href=\"\/\/terraazul.rezdy.com\/catalog\/170306\/marine-tours?lang=pt#\">Reservar<\/a>\r\n\t\t\t\t\t\t\t\t\t\t\t\t \t <\/div><\/div><\/div>\r\n\t\t\t\t\t\t\t\t<\/div><!--\/container--><a href=\"#\" class=\"slider-down-arrow no-border\"><svg class=\"nectar-scroll-icon\" viewBox=\"0 0 30 45\" enable-background=\"new 0 0 30 45\">\r\n\t\t\t\t\t                \t\t\t<path class=\"nectar-scroll-icon-path\" fill=\"none\" stroke=\"#ffffff\" stroke-width=\"2\" stroke-miterlimit=\"10\" d=\"M15,1.118c12.352,0,13.967,12.88,13.967,12.88v18.76  c0,0-1.514,11.204-13.967,11.204S0.931,32.966,0.931,32.966V14.05C0.931,14.05,2.648,1.118,15,1.118z\"><\/path>\r\n\t\t\t\t\t            \t\t\t  <\/svg><\/a><div class=\"video-texture \"> <span class=\"ie-fix\"><\/span> <\/div><\/div><!--\/swiper-slide--><\/div><div class=\"nectar-slider-loading \"> <span class=\"loading-icon spin\">   <\/span> <\/div> <\/div> \r\n\t\t\t\t\r\n\t\t\t<\/div>\n\n\t<div id=\"fws_69f279225ba60\" class=\"full-width-section standard_section  \" style=\"background-color: #fff; padding-top: 30px; padding-bottom: 0px; \"> \n\n\t<div class=\"row-bg-wrap\"> <div class=\"row-bg  using-bg-color \" style=\"\"><\/div> <\/div>\n\n    <div class=\"col span_12 dark\">\n<div class=\"testimonials-widget-testimonials testimonials-widget-testimonials100000\">\n<div class=\"testimonials-widget-testimonial post-8608 testimonials-widget type-testimonials-widget status-publish has-post-thumbnail testimonials-widget-category-testemunhos-nadar-golfinhos testimonials-widget-category-testemunhos-observacao-cetaceos testimonials-widget-category-testemunhos-empresa\" style=\"\">\n<!-- testimonials-widget-testimonials:8608: -->\n<span class=\"image\"><img width=\"150\" height=\"26\" src=\"\/\/www.azoreswhalewatch.com\/wp-content\/uploads\/tripadvisor.png\" class=\"attachment-thumbnail size-thumbnail wp-post-image\" alt=\"\" \/><\/span>\n\t\t<blockquote><span class=\"open-quote\"><\/span>A equipa Terra Azul \u00e9 conhecedora e especialista. As viagens s\u00e3o bem organizadas e bom valor pelo dinheiro.<span class=\"close-quote\"><\/span><\/blockquote>\n\t\t\t<div class=\"credit\"><span class=\"author\">John & Chris S.<\/span><span class=\"join\"><\/span><span class=\"company\">no TripAdvisor<\/span><span class=\"join-location\"><\/span><span class=\"location\">Portsmouth - UK<\/span><\/div>\n\t<\/div>\n<div class=\"testimonials-widget-testimonial post-3307 testimonials-widget type-testimonials-widget status-publish has-post-thumbnail testimonials-widget-category-testemunhos-nadar-golfinhos testimonials-widget-category-testemunhos-observacao-cetaceos testimonials-widget-category-testemunhos-empresa\" style=\"display: none;\">\n<!-- testimonials-widget-testimonials:3307: -->\n<span class=\"image\"><img width=\"150\" height=\"26\" src=\"\/\/www.azoreswhalewatch.com\/wp-content\/uploads\/tripadvisor.png\" class=\"attachment-thumbnail size-thumbnail wp-post-image\" alt=\"\" \/><\/span>\n\t\t<blockquote><span class=\"open-quote\"><\/span>Certamente uma experi\u00eancia de contacto direto com a Natureza, organizada por uma equipa carinhosa, quente, e apaixonada. Esta foi, sem d\u00favida, a melhor experi\u00eancia da nossa viagem aos A\u00e7ores.<span class=\"close-quote\"><\/span><\/blockquote>\n\t\t\t<div class=\"credit\"><span class=\"author\">Bron<\/span><span class=\"join\"><\/span><span class=\"company\">on TripAdvisor<\/span><span class=\"join-location\"><\/span><span class=\"location\">Arundel, UK<\/span><\/div>\n\t<\/div>\n<div class=\"testimonials-widget-testimonial post-8610 testimonials-widget type-testimonials-widget status-publish has-post-thumbnail testimonials-widget-category-testemunhos-nadar-golfinhos testimonials-widget-category-testemunhos-observacao-cetaceos testimonials-widget-category-testemunhos-empresa\" style=\"display: none;\">\n<!-- testimonials-widget-testimonials:8610: -->\n<span class=\"image\"><img width=\"150\" height=\"26\" src=\"\/\/www.azoreswhalewatch.com\/wp-content\/uploads\/tripadvisor.png\" class=\"attachment-thumbnail size-thumbnail wp-post-image\" alt=\"\" \/><\/span>\n\t\t<blockquote><span class=\"open-quote\"><\/span>Viagem incrivel. Bem organizada, com Vigias em Terra orientando o barco. Guia conhecedor e ador\u00e1vel. Definitivamente uma escolha certa.<span class=\"close-quote\"><\/span><\/blockquote>\n\t\t\t<div class=\"credit\"><span class=\"author\">John S.<\/span><span class=\"join\"><\/span><span class=\"company\">no TripAdvisor<\/span><span class=\"join-location\"><\/span><span class=\"location\">Riyadh, Arabia Saudita<\/span><\/div>\n\t<\/div>\n<div class=\"testimonials-widget-testimonial post-17322 testimonials-widget type-testimonials-widget status-publish has-post-thumbnail testimonials-widget-category-testemunhos-nadar-golfinhos testimonials-widget-category-testemunhos-observacao-cetaceos testimonials-widget-category-observacao-de-aves-marinhas testimonials-widget-category-testemunhos-empresa\" style=\"display: none;\">\n<!-- testimonials-widget-testimonials:17322: -->\n<span class=\"image\"><img width=\"150\" height=\"26\" src=\"\/\/www.azoreswhalewatch.com\/wp-content\/uploads\/tripadvisor.png\" class=\"attachment-thumbnail size-thumbnail wp-post-image\" alt=\"\" \/><\/span>\n\t\t<blockquote><span class=\"open-quote\"><\/span>Grande experi\u00eancia!!! Pessoas honestas que apenas saem quando a probabilidade \u00e9 quase 100% para ver animais.<span class=\"close-quote\"><\/span><\/blockquote>\n\t\t\t<div class=\"credit\"><span class=\"author\">Erik<\/span><span class=\"join\"><\/span><span class=\"company\">no TripAdvisor<\/span><span class=\"join-location\"><\/span><span class=\"location\">Ekeren - Belgica<\/span><\/div>\n\t<\/div>\n<\/div>\n\n<p style=\"text-align: right; color: #c8c8c8; font-size: 85%;\">+ Reviews no <a title=\"Terra Azul Azores Whale Watching on TripAdvisor\" href=\"https:\/\/www.tripadvisor.com\/Attraction_Review-d1930043\" target=\"_blank\" rel=\"noopener\">TripAdvisor<\/a> <a title=\"Terra Azul Azores Whale Watching on FourSquare\" href=\"https:\/\/foursquare.com\/v\/524bf41f11d27ce8431a4f76\" target=\"_blank\" rel=\"noopener\">FourSquare<\/a> <a title=\"Terra Azul Azores Whale Watching on Yelp\" href=\"https:\/\/www.yelp.com\/biz\/CuJwWLY34nRYWg7KLxl8BA\" target=\"_blank\" rel=\"noopener\">Yelp<\/a> <a title=\"Terra Azul Azores Whale Watching on Google Plus\" href=\"http:\/\/search.google.com\/local\/reviews?placeid=ChIJU52Xk2AmXQsRg6aOtguhCK4\" target=\"_blank\" rel=\"publisher noopener\">Google+<\/a> <a title=\"Terra Azul Azores Whale Watching on Facebook\" href=\"https:\/\/www.facebook.com\/778132172276733\/reviews\" target=\"_blank\" rel=\"noopener\">Facebook<\/a><\/p>\n<\/div><\/div>\n\n\t<div id=\"fws_69f279225d333\" class=\"full-width-section standard_section  \" style=\"padding-top: 20px; padding-bottom: 30px; \"> \n\n\t<div class=\"row-bg-wrap\"> <div class=\"row-bg   \" style=\"\"><\/div> <\/div>\n\n    <div class=\"col span_12 dark\">\n<div class=\"col span_8\" data-animation=\"\" data-delay=\"0\">\n<div class=\"col span_4\" data-animation=\"\" data-delay=\"0\">\n<i class=\"icon-default-style fa fa-users fa-fw extra-color-3\"><\/i>GruposPequenos<br \/>\n<i class=\"icon-default-style fa fa-hand-o-right fa-fw extra-color-3\"><\/i>Aproxim. 2 horas<br \/>\n<i class=\"icon-default-style fa fa-heart fa-fw extra-color-3\"><\/i>Guia Bi\u00f3logo Marinho<br \/>\n<i class=\"icon-default-style fa fa-magic fa-fw extra-color-3\"><\/i>Barco Zodiaco Especializado<br \/>\n<i class=\"icon-default-style fa fa-comments-o fa-fw extra-color-3\"><\/i>Vigias Baleeiras em Terra<br \/>\n<i class=\"icon-default-style fa fa-signal fa-fw extra-color-3\"><\/i>Alta Conex\u00e3o c\/ Natureza<br \/>\n<i class=\"icon-default-style fa fa-certificate fa-fw extra-color-3\"><\/i>Equipamento Fornecido<\/p>\n<table id=\"transparentable2\" style=\"margin-top: 5px!important;\")\n\n\n<tr>\n<th style=\"padding-left: 20px!important;padding-right:5px!important;padding-top: 4px!important; padding-bottom: 4px!important;\"><i class=\"icon-default-style fa fa-clock-o extra-color-3\"><\/i>15 Out a 14 Abr<\/th>\n<tr>\n<td style=\"padding-left: 20px!important;padding-right:5px!important;\">09:00 Manh\u00e3<\/td>\n<\/tr>\n<tr>\n<td style=\"padding-left: 20px!important;padding-right:5px!important;\">13:00 In\u00edcio de Tarde<\/td>\n<\/tr>\n<tr>\n<td style=\"padding-left: 20px!important;padding-right:5px!important;\">16:00 Meia Tarde<\/td>\n<\/tr>\n<\/table>\n<\/div>\n<strong>Nadar com Golfinhos \u00e9 uma experi\u00eancia fant\u00e1stica e inesquec\u00edvel!<\/strong><\/p>\n<p>Deixe-se envolver em momentos inesquec\u00edveis no meio do Oceano Atl\u00e2ntico. Deixe os Golfinhos Comuns, Golfinhos Roaz, Golfinhos Pintados do Atl\u00e2ntico e por vezes os Golfinhos de Risso dar-lhe as boas vindas \u00e0 sua casa azul e imensa que \u00e9 o Oceano!<\/p>\n<p>Muitas das pessoas que v\u00e3o nadar com Golfinhos, sofrem uma altera\u00e7\u00e3o na sua percep\u00e7\u00e3o. Prepare-se para experienciar sentimentos de felicidade, alegria, liberta\u00e7\u00e3o emocional, relaxamento profundo e de consci\u00eancia. Pensa-se que os pr\u00f3prios Golfinhos sentem-se como parte de um todo, e por isso v\u00e3o torn\u00e1-lo parte desse mesmo todo \u2013 \u00e9 uma excelente oportunidade para o apresentar a comunidade dos Cet\u00e1ceos!<\/p>\n<p><strong>Recomendamos<\/strong> que esteja presente na Base 30 minutos antes para fazer o seu registo e Briefing. Traga \u00e1gua, protector solar, uma muda de roupa e o seu fato de banho. Refei\u00e7\u00f5es ligeiras s\u00e3o permitidas a bordo. A sua c\u00e2mara fotogr\u00e1fica \u00e9 essencial para capturar momentos e criar mem\u00f3rias para o resto da vida. Se tiver uma c\u00e2mara fotogr\u00e1fica \u00e0 prova de \u00e1gua traga-a tamb\u00e9m! Lembre-se de mant\u00ea-la bem presa a si enquanto estiver na \u00e1gua!<\/p>\n<p><strong>Fornecemos<\/strong> fatos de Neopreme de 3.2mm de espessura e m\u00e1scaras de Snorkel.<\/p>\n<p>Pode participar na Nata\u00e7\u00e3o com Golfinhos independentemente da sua condi\u00e7\u00e3o f\u00edsica, desde que saiba nadar, dependendo sempre das condi\u00e7\u00f5es meteorol\u00f3gicas e do mar. Devida a turbul\u00eancia das embarca\u00e7\u00f5es, <strong>n\u00e3o recomendamos<\/strong> esta actividade a pessoas com problemas de costas ou de sa\u00fade delicada, nem a senhoras gr\u00e1vidas e a crian\u00e7as com idade inferior a 4 anos.<\/p>\n<\/div>\n<div class=\"col span_4 col_last\" data-animation=\"\" data-delay=\"0\"><div class=\"row pricing-table two-cols\" data-style=\"default\">\n<div class=\"pricing-column \">\n  \t\t\t<h3>Adultos<\/h3>\n            <div class=\"pricing-column-content\">\n\t\t\t\t<h4> <span class=\"dollar-sign\">\u20ac<\/span>89 <\/h4>\n\t\t\t\t<span class=\"interval\">15 Out a 14 Abr<\/span>\n<ul class=\"features\">\n<li><strong>INCLUI<\/strong> Fato Neoprene 3-7mm, M\u00e1rcara, Tubo,<\/li>\n<li>Capuz, Meias e Luvas de Neoprene,<\/li>\n<li>Toalha e Guarda-vento<\/li>\n<li><i class=\"fa fa-shield fa-lg\"><\/i>Certificado Clean &#038; Safe<\/li>\n<li><i class=\"fa fa-check fa-lg\"><\/i>Confirma\u00e7\u00e3o Imediata<\/li>\n<li><i class=\"fa fa-thumbs-o-up fa-lg\"><\/i>Cancelamentos Gratuitos<\/li>\n<\/ul>\n<a class=\"nectar-button medium extra-color-2 regular-button\"  href=\"\/pt-pt\/contactos\/\" data-color-override=\"false\" data-hover-color-override=\"false\" data-hover-text-color-override=\"#fff\"><span>Reservar<\/span><\/a><\/div><\/div>\n<div class=\"pricing-column \">\n  \t\t\t<h3>Crian\u00e7as<\/h3>\n            <div class=\"pricing-column-content\">\n\t\t\t\t<h4> <span class=\"dollar-sign\">\u20ac<\/span>67 <\/h4>\n\t\t\t\t<span class=\"interval\">15 Out a 14 Abr<\/span>\n<ul class=\"features\">\n<li><strong>INCLUI<\/strong> Fato Neoprene 3-7mm, M\u00e1rcara, Tubo,<\/li>\n<li>Capuz, Meias e Luvas de Neoprene,<\/li>\n<li>Toalha e Guarda-vento<\/li>\n<li><i class=\"fa fa-shield fa-lg\"><\/i>Certificado Clean &#038; Safe<\/li>\n<li><i class=\"fa fa-check fa-lg\"><\/i>Confirma\u00e7\u00e3o Imediata<\/li>\n<li><i class=\"fa fa-thumbs-o-up fa-lg\"><\/i>Cancelamentos Gratuitos<\/li>\n<\/ul>\n<a class=\"nectar-button medium extra-color-2 regular-button\"  href=\"\/pt-pt\/contactos\/\" data-color-override=\"false\" data-hover-color-override=\"false\" data-hover-text-color-override=\"#fff\"><span>Reservar<\/span><\/a><\/div><\/div>\n<img class=\"paysafe-trust-badge\" src=\"\/wp-content\/uploads\/payment-trust-600-offset.png\" alt=\"Safe Payments\" title=\"Safe Payments\"\/><br \/>\n<\/div>\n<table id=\"transparentable2\")\n\n\n<tr>\n<tr>\n<td style=\"width:67%;padding-right:8px!important;\">\n<a class=\"nectar-button medium extra-color-1 regular-button\" href=\"\/pt-pt\/ver-baleias-nos-acores\" title=\"Ver Baleias Sao Miguel Acores\" data-color-override=\"false\" data-hover-color-override=\"false\" data-hover-text-color-override=\"#fff\" style=\"visibility: visible;\">Ver Baleias<span style=\"display:none;\"> Sao Miguel Acores<\/span><\/a><br \/>\n<a class=\"nectar-button medium see-through-2\" style=\"visibility:visible;\" title=\"Nadar Golfinhos A\u00e7ores Melhor Altura\" href=\"\/pt-pt\/melhor-destino-observacao-cetaceos#whalefacts\" data-color-override=\"#999999\" data-hover-color-override=\"false\" data-hover-text-color-override=\"#fff\">A Melhor Altura do Ano<span style=\"display:none;\"> Nadar Golfinhos A\u00e7ores<\/span>?<\/a><br \/>\n<a class=\"nectar_video_lightbox nectar-button medium see-through-2\" rel=\"prettyPhoto\" style=\"visibility: visible;\" href=\"https:\/\/www.youtube.com\/watch?v=CKBEbNmylZ4?enablejsapi=1&#038;origin=https:\/\/www.azoreswhalewatch.com&#038;autoplay=1\" title=\"Video Ver Baleias A\u00e7ores\" data-color-override=\"#999999\" data-hover-color-override=\"#676767\" data-hover-text-color-override=\"#fff\">Ver<span style=\"display:none;\"> Baleias Acores<\/span> o V\u00eddeo!<\/a><br \/>\n<a class=\"nectar-button medium extra-color-3 regular-button\" href=\"\/pt-pt\/contactos\" title=\"Reservar Ver Baleias Acores\" target=\"_blank\" data-color-override=\"false\" data-hover-color-override=\"false\" data-hover-text-color-override=\"#fff\" style=\"visibility: visible;\" rel=\"noopener\">Contacte-nos<\/a>\n<\/td>\n<td style=\"padding-left: 0px!important;\">\n<div><a><img class=\"aligncenter badges award-badge\" src=\"\/wp-content\/uploads\/excellence-award-badge.png\" alt=\"Premio Excel\u00eancia TripAdvisor\" title=\"Premio Excel\u00eancia TripAdvisor\" width=\"90\" height=\"90\" \/><\/a><\/div>\n<div><a href=\"https:\/\/www.azoreswhalewatch.com\/pt-pt\/termos-condicoes\"><img class=\"aligncenter badges guarantee-badge\" src=\"\/wp-content\/uploads\/whale-sightings-guarantee-badge.png\" alt=\"Garantia de Avistamentos\" title=\"Garantia de Avistamentos\" width=\"110\" height=\"110\" \/><\/a><\/div>\n<div><a><img class=\"aligncenter badges wca-badge\" src=\"\/wp-content\/uploads\/world-cetacean-alliance.png\" alt=\"Parceiro World Cetacean Alliance\" title=\"Parceiro World Cetacean Alliance\" width=\"100\" height=\"100\" \/><\/a><\/div>\n<\/td>\n<\/tr>\n<\/table>\n<\/div><div class=\"clear\"><\/div>\n<\/div><\/div>\n","protected":false},"excerpt":{"rendered":"<p>Nadar com Golfinhos nos A\u00e7ores Sao Miguel Ponta Delgada<\/p>\n","protected":false},"author":41,"featured_media":2898,"parent":0,"menu_order":0,"comment_status":"closed","ping_status":"closed","template":"","meta":[],"yoast_head":"<!-- This site is optimized with the Yoast SEO plugin v17.9 - https:\/\/yoast.com\/wordpress\/plugins\/seo\/ -->\n<title>Nadar com Golfinhos nos A\u00e7ores, em S\u00e3o Miguel a 15m de Ponta Delgada<\/title>\n<meta name=\"description\" content=\"Nadar com Golfinhos Selvagens nos A\u00e7ores em S\u00e3o Miguel, a 15min de Ponta Delgada. Eco-experi\u00eancia \u00fanica c\/ todo equipamento. Hor\u00e1rio e Pre\u00e7os\" \/>\n<meta name=\"robots\" content=\"index, follow, max-snippet:-1, max-image-preview:large, max-video-preview:-1\" \/>\n<link rel=\"canonical\" href=\"https:\/\/www.azoreswhalewatch.com\/pt-pt\/nadar-com-golfinhos-nos-acores\" \/>\n<meta property=\"og:locale\" content=\"pt_PT\" \/>\n<meta property=\"og:type\" content=\"article\" \/>\n<meta property=\"og:title\" content=\"Nadar com Golfinhos nos A\u00e7ores, em S\u00e3o Miguel a 15m de Ponta Delgada\" \/>\n<meta property=\"og:description\" content=\"Nadar com Golfinhos Selvagens nos A\u00e7ores em S\u00e3o Miguel, a 15min de Ponta Delgada. Eco-experi\u00eancia \u00fanica c\/ todo equipamento. Hor\u00e1rio e Pre\u00e7os\" \/>\n<meta property=\"og:url\" content=\"https:\/\/www.azoreswhalewatch.com\/pt-pt\/nadar-com-golfinhos-nos-acores\" \/>\n<meta property=\"og:site_name\" content=\"TERRA AZUL\u2122\" \/>\n<meta property=\"article:modified_time\" content=\"2025-09-01T01:41:37+00:00\" \/>\n<meta property=\"og:image\" content=\"https:\/\/www.azoreswhalewatch.com\/wp-content\/uploads\/azores-swim-dolphins-portugal-1476px.jpg\" \/>\n\t<meta property=\"og:image:width\" content=\"1476\" \/>\n\t<meta property=\"og:image:height\" content=\"984\" \/>\n\t<meta property=\"og:image:type\" content=\"image\/jpeg\" \/>\n<meta name=\"twitter:card\" content=\"summary_large_image\" \/>\n<!-- \/ Yoast SEO plugin. -->","yoast_head_json":{"title":"Nadar com Golfinhos nos A\u00e7ores, em S\u00e3o Miguel a 15m de Ponta Delgada","description":"Nadar com Golfinhos Selvagens nos A\u00e7ores em S\u00e3o Miguel, a 15min de Ponta Delgada. Eco-experi\u00eancia \u00fanica c\/ todo equipamento. Hor\u00e1rio e Pre\u00e7os","robots":{"index":"index","follow":"follow","max-snippet":"max-snippet:-1","max-image-preview":"max-image-preview:large","max-video-preview":"max-video-preview:-1"},"canonical":"https:\/\/www.azoreswhalewatch.com\/pt-pt\/nadar-com-golfinhos-nos-acores","og_locale":"pt_PT","og_type":"article","og_title":"Nadar com Golfinhos nos A\u00e7ores, em S\u00e3o Miguel a 15m de Ponta Delgada","og_description":"Nadar com Golfinhos Selvagens nos A\u00e7ores em S\u00e3o Miguel, a 15min de Ponta Delgada. Eco-experi\u00eancia \u00fanica c\/ todo equipamento. Hor\u00e1rio e Pre\u00e7os","og_url":"https:\/\/www.azoreswhalewatch.com\/pt-pt\/nadar-com-golfinhos-nos-acores","og_site_name":"TERRA AZUL\u2122","article_modified_time":"2025-09-01T01:41:37+00:00","og_image":[{"width":1476,"height":984,"url":"https:\/\/www.azoreswhalewatch.com\/wp-content\/uploads\/azores-swim-dolphins-portugal-1476px.jpg","type":"image\/jpeg"}],"twitter_card":"summary_large_image","schema":{"@context":"https:\/\/schema.org","@graph":[{"@type":"WebSite","@id":"https:\/\/www.azoreswhalewatch.com\/#website","url":"https:\/\/www.azoreswhalewatch.com\/","name":"TERRA AZUL\u2122","description":"Tours in S\u00e3o Miguel near Ponta Delgada - in Portugal!","potentialAction":[{"@type":"SearchAction","target":{"@type":"EntryPoint","urlTemplate":"https:\/\/www.azoreswhalewatch.com\/?s={search_term_string}"},"query-input":"required name=search_term_string"}],"inLanguage":"pt-PT"},{"@type":"ImageObject","@id":"https:\/\/www.azoreswhalewatch.com\/pt-pt\/nadar-com-golfinhos-nos-acores#primaryimage","inLanguage":"pt-PT","url":"https:\/\/www.azoreswhalewatch.com\/wp-content\/uploads\/azores-swim-dolphins-portugal-1476px.jpg","contentUrl":"https:\/\/www.azoreswhalewatch.com\/wp-content\/uploads\/azores-swim-dolphins-portugal-1476px.jpg","width":1476,"height":984,"caption":"Swim with Dolphins in Azores Portugal"},{"@type":"WebPage","@id":"https:\/\/www.azoreswhalewatch.com\/pt-pt\/nadar-com-golfinhos-nos-acores#webpage","url":"https:\/\/www.azoreswhalewatch.com\/pt-pt\/nadar-com-golfinhos-nos-acores","name":"Nadar com Golfinhos nos A\u00e7ores, em S\u00e3o Miguel a 15m de Ponta Delgada","isPartOf":{"@id":"https:\/\/www.azoreswhalewatch.com\/#website"},"primaryImageOfPage":{"@id":"https:\/\/www.azoreswhalewatch.com\/pt-pt\/nadar-com-golfinhos-nos-acores#primaryimage"},"datePublished":"2015-01-21T03:12:09+00:00","dateModified":"2025-09-01T01:41:37+00:00","description":"Nadar com Golfinhos Selvagens nos A\u00e7ores em S\u00e3o Miguel, a 15min de Ponta Delgada. Eco-experi\u00eancia \u00fanica c\/ todo equipamento. Hor\u00e1rio e Pre\u00e7os","breadcrumb":{"@id":"https:\/\/www.azoreswhalewatch.com\/pt-pt\/nadar-com-golfinhos-nos-acores#breadcrumb"},"inLanguage":"pt-PT","potentialAction":[{"@type":"ReadAction","target":["https:\/\/www.azoreswhalewatch.com\/pt-pt\/nadar-com-golfinhos-nos-acores"]}]},{"@type":"BreadcrumbList","@id":"https:\/\/www.azoreswhalewatch.com\/pt-pt\/nadar-com-golfinhos-nos-acores#breadcrumb","itemListElement":[{"@type":"ListItem","position":1,"name":"Home","item":"https:\/\/www.azoreswhalewatch.com\/pt-pt"},{"@type":"ListItem","position":2,"name":"Nadar com Golfinhos nos A\u00e7ores S\u00e3o Miguel Ponta Delgada"}]}]}},"_links":{"self":[{"href":"https:\/\/www.azoreswhalewatch.com\/pt-pt\/wp-json\/wp\/v2\/pages\/3281"}],"collection":[{"href":"https:\/\/www.azoreswhalewatch.com\/pt-pt\/wp-json\/wp\/v2\/pages"}],"about":[{"href":"https:\/\/www.azoreswhalewatch.com\/pt-pt\/wp-json\/wp\/v2\/types\/page"}],"author":[{"embeddable":true,"href":"https:\/\/www.azoreswhalewatch.com\/pt-pt\/wp-json\/wp\/v2\/users\/41"}],"replies":[{"embeddable":true,"href":"https:\/\/www.azoreswhalewatch.com\/pt-pt\/wp-json\/wp\/v2\/comments?post=3281"}],"version-history":[{"count":0,"href":"https:\/\/www.azoreswhalewatch.com\/pt-pt\/wp-json\/wp\/v2\/pages\/3281\/revisions"}],"wp:featuredmedia":[{"embeddable":true,"href":"https:\/\/www.azoreswhalewatch.com\/pt-pt\/wp-json\/wp\/v2\/media\/2898"}],"wp:attachment":[{"href":"https:\/\/www.azoreswhalewatch.com\/pt-pt\/wp-json\/wp\/v2\/media?parent=3281"}],"curies":[{"name":"wp","href":"https:\/\/api.w.org\/{rel}","templated":true}]}}