{"id":3296,"date":"2015-01-23T19:22:40","date_gmt":"2015-01-23T20:22:40","guid":{"rendered":"http:\/\/www.azoreswhalewatch.com\/?page_id=3296"},"modified":"2025-11-11T23:49:17","modified_gmt":"2025-11-12T00:49:17","slug":"operador-eco-tours","status":"publish","type":"page","link":"https:\/\/www.azoreswhalewatch.com\/pt-pt\/operador-eco-tours","title":{"rendered":"Operador EcoTurismo"},"content":{"rendered":"\n\t<div id=\"fws_69e60236dbf96\" class=\"full-width-section standard_section  \" style=\"background-color: #fff; padding-top: 20px; padding-bottom: 10px; \"> \n\n\t<div class=\"row-bg-wrap\"> <div class=\"row-bg  using-bg-color \" style=\"\"><\/div> <\/div>\n\n    <div class=\"col span_12 dark\"><div class=\"col span_8\" data-animation=\"\" data-delay=\"0\">\n<h2 style=\"display:none\">Ecotourism Tour Operator<\/h2>\n<p><img class=\"alignleft\" src=\"\/wp-content\/uploads\/terra-azul-azores-experience-logo-15-years-180px.png\" alt=\"EcoTourism Tour Operator\" wviidth=\"180\" height=\"180\" \/><\/p>\n<p>A Terra Azul Azores \u00e9 um Operador de Ecoturismo, licenciado para fazer durante todo o ano sa\u00eddas para o mar de Observa\u00e7\u00e3o de Cet\u00e1ceos &#038; Nata\u00e7\u00e3o com Golfinhos, Private Tours para Fam\u00edlias, Observa\u00e7\u00e3o de Aves Marinhas e Expedi\u00e7\u00f5es de caracter cientifico para investigadores, fot\u00f3grafos e profissionais de v\u00eddeo.<\/p>\n<p><a name=\"contacte-nos\"><\/a><\/p>\n<p>A nossa empresa foi fundada em Mar\u00e7o de 2000. E em 2003 a Vigia de Ponta Gar\u00e7a, usada na Balea\u00e7\u00e3o at\u00e9 1984 foi reconstru\u00edda, dando desde de ent\u00e3o apoio via r\u00e1dio aos Skippers nas embarca\u00e7\u00f5es durante as sa\u00eddas para o mar.<\/p>\n<p><strong>As nossas prioridades s\u00e3o o Conforto e Seguran\u00e7a dos nossos clientes, e proporcionar mem\u00f3rias fant\u00e1sticas que durem uma vida.<\/strong> Todas as sa\u00eddas t\u00eam uma tripula\u00e7\u00e3o e Guia Naturalista\/Bi\u00f3logo Marinho competentes a bordo. O nosso objectivo \u00e9 praticar sempre as melhores pr\u00e1ticas poss\u00edveis no que diz respeito ao Meio Ambiente e Conserva\u00e7\u00e3o da Vida Selvagem.<br \/>\n<\/div>\n<div class=\"col span_4 col_last\" data-animation=\"\" data-delay=\"0\">\n<table id=\"transparentable2\" style=\"margin-bottom:10px!important;\")\n\n\n<tr>\n<tr>\n<td style=\"width:67%\">\n<a class=\"nectar-button medium extra-color-1 regular-button\" href=\"\/pt-pt\/ver-baleias-nos-acores\" title=\"Ver Baleias Sao Miguel Acores\" data-color-override=\"false\" data-hover-color-override=\"false\" data-hover-text-color-override=\"#fff\" style=\"visibility: visible;\">Ver Baleias<span style=\"display:none;\"> Sao Miguel Acores<\/span><\/a><br \/>\n<a class=\"nectar-button medium extra-color-1 regular-button\" href=\"\/pt-pt\/nadar-com-golfinhos-nos-acores\" title=\"Nadar Golfinhos Acores Portugal\" data-color-override=\"false\" data-hover-color-override=\"false\" data-hover-text-color-override=\"#fff\" style=\"visibility: visible;\">Nadar c\/ Golfinhos<span style=\"display:none;\"> Acores Portugal<\/span><\/a><br \/>\n<a class=\"nectar-button medium extra-color-2 regular-button button-booking rezdy rezdy-modal\" href=\"https:\/\/terraazul.rezdy.com?lang=en\" title=\"Reservar Ver Baleias Acores\" data-color-override=\"false\" data-hover-color-override=\"false\" data-hover-text-color-override=\"#fff\" style=\"visibility: visible;\">Reservar<span style=\"display:none;\"> Ver Baleias Acores<\/span> 24\/7 Online<\/a><br \/>\n<a class=\"nectar_video_lightbox nectar-button medium see-through-2\" rel=\"prettyPhoto\" style=\"visibility: visible;\" href=\"https:\/\/www.youtube.com\/watch?v=CKBEbNmylZ4?enablejsapi=1&#038;origin=https:\/\/www.azoreswhalewatch.com&#038;autoplay=1\" title=\"Video Ver Baleias A\u00e7ores\" data-color-override=\"#999999\" data-hover-color-override=\"#676767\" data-hover-text-color-override=\"#fff\">Ver<span style=\"display:none;\"> Baleias Acores<\/span> o V\u00eddeo!<\/a><br \/>\n<a class=\"nectar-button medium extra-color-3 regular-button\" href=\"\/pt-pt\/contactos\" title=\"Reservar Ver Baleias Acores\" target=\"_blank\" data-color-override=\"false\" data-hover-color-override=\"false\" data-hover-text-color-override=\"#fff\" style=\"visibility: visible;\" rel=\"noopener\">Contacte-nos<\/a>\n<\/td>\n<td style=\"padding-left: 0px!important;\">\n<div><a><img class=\"aligncenter badges award-badge\" src=\"\/wp-content\/uploads\/excellence-award-badge.png\" alt=\"Premio Excel\u00eancia TripAdvisor\" title=\"Premio Excel\u00eancia TripAdvisor\" width=\"90\" height=\"90\" \/><\/a><\/div>\n<div><a href=\"https:\/\/www.azoreswhalewatch.com\/pt-pt\/termos-condicoes\"><img class=\"aligncenter badges guarantee-badge\" src=\"\/wp-content\/uploads\/whale-sightings-guarantee-badge.png\" alt=\"Garantia de Avistamentos\" title=\"Garantia de Avistamentos\" width=\"110\" height=\"110\" \/><\/a><\/div>\n<div><a><img class=\"aligncenter badges wca-badge\" src=\"\/wp-content\/uploads\/world-cetacean-alliance.png\" alt=\"Parceiro World Cetacean Alliance\" title=\"Parceiro World Cetacean Alliance\" width=\"100\" height=\"100\" \/><\/a><\/div>\n<\/td>\n<\/tr>\n<\/table>\n<\/div><div class=\"clear\"><\/div><\/div><\/div>\n\n\t<div id=\"fws_69e60236dc030\" class=\"full-width-section standard_section  \" style=\"padding-top: 30px; padding-bottom: 0px; \"> \n\n\t<div class=\"row-bg-wrap\"> <div class=\"row-bg   \" style=\"\"><\/div> <\/div>\n\n    <div class=\"col span_12 dark\">\n<div class=\"testimonials-widget-testimonials testimonials-widget-testimonials100000\">\n<div class=\"testimonials-widget-testimonial post-8610 testimonials-widget type-testimonials-widget status-publish has-post-thumbnail testimonials-widget-category-testemunhos-nadar-golfinhos testimonials-widget-category-testemunhos-observacao-cetaceos testimonials-widget-category-testemunhos-empresa\" style=\"\">\n<!-- testimonials-widget-testimonials:8610: -->\n<span class=\"image\"><img width=\"150\" height=\"26\" src=\"\/\/www.azoreswhalewatch.com\/wp-content\/uploads\/tripadvisor.png\" class=\"attachment-thumbnail size-thumbnail wp-post-image\" alt=\"\" \/><\/span>\n\t\t<blockquote><span class=\"open-quote\"><\/span>Viagem incrivel. Bem organizada, com Vigias em Terra orientando o barco. Guia conhecedor e ador\u00e1vel. Definitivamente uma escolha certa.<span class=\"close-quote\"><\/span><\/blockquote>\n\t\t\t<div class=\"credit\"><span class=\"author\">John S.<\/span><span class=\"join\"><\/span><span class=\"company\">no TripAdvisor<\/span><span class=\"join-location\"><\/span><span class=\"location\">Riyadh, Arabia Saudita<\/span><\/div>\n\t<\/div>\n<div class=\"testimonials-widget-testimonial post-3307 testimonials-widget type-testimonials-widget status-publish has-post-thumbnail testimonials-widget-category-testemunhos-nadar-golfinhos testimonials-widget-category-testemunhos-observacao-cetaceos testimonials-widget-category-testemunhos-empresa\" style=\"display: none;\">\n<!-- testimonials-widget-testimonials:3307: -->\n<span class=\"image\"><img width=\"150\" height=\"26\" src=\"\/\/www.azoreswhalewatch.com\/wp-content\/uploads\/tripadvisor.png\" class=\"attachment-thumbnail size-thumbnail wp-post-image\" alt=\"\" \/><\/span>\n\t\t<blockquote><span class=\"open-quote\"><\/span>Certamente uma experi\u00eancia de contacto direto com a Natureza, organizada por uma equipa carinhosa, quente, e apaixonada. Esta foi, sem d\u00favida, a melhor experi\u00eancia da nossa viagem aos A\u00e7ores.<span class=\"close-quote\"><\/span><\/blockquote>\n\t\t\t<div class=\"credit\"><span class=\"author\">Bron<\/span><span class=\"join\"><\/span><span class=\"company\">on TripAdvisor<\/span><span class=\"join-location\"><\/span><span class=\"location\">Arundel, UK<\/span><\/div>\n\t<\/div>\n<div class=\"testimonials-widget-testimonial post-17322 testimonials-widget type-testimonials-widget status-publish has-post-thumbnail testimonials-widget-category-testemunhos-nadar-golfinhos testimonials-widget-category-testemunhos-observacao-cetaceos testimonials-widget-category-observacao-de-aves-marinhas testimonials-widget-category-testemunhos-empresa\" style=\"display: none;\">\n<!-- testimonials-widget-testimonials:17322: -->\n<span class=\"image\"><img width=\"150\" height=\"26\" src=\"\/\/www.azoreswhalewatch.com\/wp-content\/uploads\/tripadvisor.png\" class=\"attachment-thumbnail size-thumbnail wp-post-image\" alt=\"\" \/><\/span>\n\t\t<blockquote><span class=\"open-quote\"><\/span>Grande experi\u00eancia!!! Pessoas honestas que apenas saem quando a probabilidade \u00e9 quase 100% para ver animais.<span class=\"close-quote\"><\/span><\/blockquote>\n\t\t\t<div class=\"credit\"><span class=\"author\">Erik<\/span><span class=\"join\"><\/span><span class=\"company\">no TripAdvisor<\/span><span class=\"join-location\"><\/span><span class=\"location\">Ekeren - Belgica<\/span><\/div>\n\t<\/div>\n<div class=\"testimonials-widget-testimonial post-8608 testimonials-widget type-testimonials-widget status-publish has-post-thumbnail testimonials-widget-category-testemunhos-nadar-golfinhos testimonials-widget-category-testemunhos-observacao-cetaceos testimonials-widget-category-testemunhos-empresa\" style=\"display: none;\">\n<!-- testimonials-widget-testimonials:8608: -->\n<span class=\"image\"><img width=\"150\" height=\"26\" src=\"\/\/www.azoreswhalewatch.com\/wp-content\/uploads\/tripadvisor.png\" class=\"attachment-thumbnail size-thumbnail wp-post-image\" alt=\"\" \/><\/span>\n\t\t<blockquote><span class=\"open-quote\"><\/span>A equipa Terra Azul \u00e9 conhecedora e especialista. As viagens s\u00e3o bem organizadas e bom valor pelo dinheiro.<span class=\"close-quote\"><\/span><\/blockquote>\n\t\t\t<div class=\"credit\"><span class=\"author\">John & Chris S.<\/span><span class=\"join\"><\/span><span class=\"company\">no TripAdvisor<\/span><span class=\"join-location\"><\/span><span class=\"location\">Portsmouth - UK<\/span><\/div>\n\t<\/div>\n<div class=\"testimonials-widget-testimonial post-8607 testimonials-widget type-testimonials-widget status-publish has-post-thumbnail testimonials-widget-category-testemunhos-empresa\" style=\"display: none;\">\n<!-- testimonials-widget-testimonials:8607: -->\n<span class=\"image\"><img width=\"150\" height=\"26\" src=\"\/\/www.azoreswhalewatch.com\/wp-content\/uploads\/tripadvisor.png\" class=\"attachment-thumbnail size-thumbnail wp-post-image\" alt=\"\" \/><\/span>\n\t\t<blockquote><span class=\"open-quote\"><\/span>&#8230; barcos e equipamento s\u00e3o novos e seguros, e os guias e condutores s\u00e3o extremamente conhecedores e divertidos!<span class=\"close-quote\"><\/span><\/blockquote>\n\t\t\t<div class=\"credit\"><span class=\"author\">Linda Larini<\/span><span class=\"join\"><\/span><span class=\"company\">no TripAdvisor<\/span><span class=\"join-location\"><\/span><span class=\"location\">Geneva - Sui\u00e7a<\/span><\/div>\n\t<\/div>\n<\/div>\n\n<p style=\"text-align: right; color: #c8c8c8; font-size: 85%;\">+ Reviews no <a title=\"Terra Azul Azores Whale Watching no TripAdvisor\" href=\"https:\/\/www.tripadvisor.com\/Attraction_Review-d1930043\" target=\"_blank\" rel=\"noopener\">TripAdvisor<\/a> <a title=\"Terra Azul Azores Whale Watching no FourSquare\" href=\"https:\/\/foursquare.com\/v\/524bf41f11d27ce8431a4f76\" target=\"_blank\" rel=\"noopener\">FourSquare<\/a> <a title=\"Terra Azul Azores Whale Watching no Yelp\" href=\"https:\/\/www.yelp.com\/biz\/CuJwWLY34nRYWg7KLxl8BA\" target=\"_blank\" rel=\"noopener\">Yelp<\/a> <a title=\"Terra Azul Azores Whale Watching no Google Plus\" href=\"http:\/\/search.google.com\/local\/reviews?placeid=ChIJU52Xk2AmXQsRg6aOtguhCK4\" target=\"_blank\" rel=\"publisher noopener\">Google+<\/a> <a title=\"Terra Azul Azores Whale Watching no Facebook\" href=\"https:\/\/www.facebook.com\/778132172276733\/reviews\" target=\"_blank\" rel=\"noopener\">Facebook<\/a><\/p>\n<\/div><\/div>\n\n\t<div id=\"fws_69e60236e2d0b\" class=\"full-width-section standard_section  \" style=\"background-color: #ffffff; padding-top: 20px; padding-bottom: 30px; \"> \n\n\t<div class=\"row-bg-wrap\"> <div class=\"row-bg  using-bg-color \" style=\"\"><\/div> <\/div>\n\n    <div class=\"col span_12 dark\">\n<div class=\"col span_4\" data-animation=\"\" data-delay=\"0\">\n<a name=\"resources\"><\/a><\/p>\n<h2>A nossa Vig\u00eda Baleeira<\/h2>\n<p><img src=\"\/wp-content\/uploads\/azores-whale-lookout.jpg\" alt=\"Vigia Baleeira\" width=\"600\" height=\"196\" class=\"aligncenter\" \/><br \/>\nA nossa Vigia Baleeira &#8211; a \u201cVigia da Furada\u201d &#8211; est\u00e1 localizada perto da nossa Base, e \u00e9 considerada um marco cultural em Ponta Gar\u00e7a \u2013 Vila Franca do Campo.<\/p>\n<p>\u00c9 visitada por Turistas, Estudantes e Curiosos, procurando hist\u00f3rica em primeira m\u00e3o da tradi\u00e7\u00e3o da Balea\u00e7\u00e3o nos A\u00e7ores. Visitantes podem aprender as t\u00e9cnicas usadas pelos Baleeiros. Podem ainda experimentar os poderosos bin\u00f3culos e comunicar com as nossas embarca\u00e7\u00f5es no mar.<br \/>\n<\/div>\n<div class=\"col span_4\" data-animation=\"\" data-delay=\"0\">\n<h2>As nossas Embarca\u00e7\u00f5es<\/h2>\n<p><img src=\"\/wp-content\/uploads\/whale-watching-zodiacs.jpg\" alt=\"Whale Watching Zodiacos\" width=\"600\" height=\"196\" class=\"aligncenter\" \/><br \/>\nPara nos levar rapidamente ao Cet\u00e1ceos avistados pelo Vigia, usamos 2 semi-r\u00edgidos (12 pessoas e 28 pessoas), que nos permitem fornecer uma aventura, um servi\u00e7o mais personalizado, um maior sentimento de proximidade com os animais, com reduzido impacto ambiental.<\/p>\n<p>Todas as embarca\u00e7\u00f5es est\u00e3o equipadas para efici\u00eancia m\u00e1xima, seguran\u00e7a e conforto dos passageiros, e de acordo com as r\u00edgidas regulamenta\u00e7\u00f5es das autoridades mar\u00edtimas locais.<br \/>\n<\/div>\n<div class=\"col span_4 col_last\" data-animation=\"\" data-delay=\"0\">\n<a name=\"jobs\"><\/a><\/p>\n<h2>A nossa Equipa<\/h2>\n<p><img src=\"\/wp-content\/uploads\/terra-azul-azores-team.jpg\" alt=\"Equipa Terra Azul Azores\" width=\"600\" height=\"196\" class=\"aligncenter\" \/><br \/>\nTemos orgulho em trabalhar com especialistas na \u00e1rea de Biologia Marinha e Cet\u00e1ceos.<\/p>\n<p>Todos os membros da equipa s\u00e3o seleccionados pela sua personalidade, conhecimento e educa\u00e7\u00e3o.<\/p>\n<p>Acreditamos que uma feliz e bem formada equipa, trabalha melhor para um turismo mais sustent\u00e1vel passando assim estes valores aos nossos clientes.<\/p>\n<a class=\"nectar-button medium accent-color regular-button\" target=\"_blank\" href=\"\/jobs\/\" data-color-override=\"#676767\" data-hover-color-override=\"false\" data-hover-text-color-override=\"#fff\"><span>Junte-se a N\u00f3s!<\/span><\/a>\n<\/div><div class=\"clear\"><\/div><\/div><\/div>\n","protected":false},"excerpt":{"rendered":"","protected":false},"author":41,"featured_media":1792,"parent":0,"menu_order":0,"comment_status":"closed","ping_status":"closed","template":"","meta":[],"yoast_head":"<!-- This site is optimized with the Yoast SEO plugin v17.9 - https:\/\/yoast.com\/wordpress\/plugins\/seo\/ -->\n<title>Operador de EcoTurismo Terra Azul Azores Whale Watching<\/title>\n<meta name=\"description\" content=\"Operador de EcoTurismo nas ilhas dos A\u00e7ores, em Portugal! Base em Vila Franca do Campo, ilha de S\u00e3o Miguel. Vigia de Baleia, Barcos e Equipa.\" \/>\n<meta name=\"robots\" content=\"index, follow, max-snippet:-1, max-image-preview:large, max-video-preview:-1\" \/>\n<link rel=\"canonical\" href=\"https:\/\/www.azoreswhalewatch.com\/pt-pt\/operador-eco-tours\" \/>\n<meta property=\"og:locale\" content=\"pt_PT\" \/>\n<meta property=\"og:type\" content=\"article\" \/>\n<meta property=\"og:title\" content=\"Operador de EcoTurismo Terra Azul Azores Whale Watching\" \/>\n<meta property=\"og:description\" content=\"Operador de EcoTurismo nas ilhas dos A\u00e7ores, em Portugal! Base em Vila Franca do Campo, ilha de S\u00e3o Miguel. Vigia de Baleia, Barcos e Equipa.\" \/>\n<meta property=\"og:url\" content=\"https:\/\/www.azoreswhalewatch.com\/pt-pt\/operador-eco-tours\" \/>\n<meta property=\"og:site_name\" content=\"TERRA AZUL\u2122\" \/>\n<meta property=\"article:modified_time\" content=\"2025-11-12T00:49:17+00:00\" \/>\n<meta property=\"og:image\" content=\"https:\/\/www.azoreswhalewatch.com\/wp-content\/uploads\/400x400.jpg\" \/>\n\t<meta property=\"og:image:width\" content=\"400\" \/>\n\t<meta property=\"og:image:height\" content=\"400\" \/>\n\t<meta property=\"og:image:type\" content=\"image\/jpeg\" \/>\n<meta name=\"twitter:card\" content=\"summary_large_image\" \/>\n<!-- \/ Yoast SEO plugin. -->","yoast_head_json":{"title":"Operador de EcoTurismo Terra Azul Azores Whale Watching","description":"Operador de EcoTurismo nas ilhas dos A\u00e7ores, em Portugal! Base em Vila Franca do Campo, ilha de S\u00e3o Miguel. Vigia de Baleia, Barcos e Equipa.","robots":{"index":"index","follow":"follow","max-snippet":"max-snippet:-1","max-image-preview":"max-image-preview:large","max-video-preview":"max-video-preview:-1"},"canonical":"https:\/\/www.azoreswhalewatch.com\/pt-pt\/operador-eco-tours","og_locale":"pt_PT","og_type":"article","og_title":"Operador de EcoTurismo Terra Azul Azores Whale Watching","og_description":"Operador de EcoTurismo nas ilhas dos A\u00e7ores, em Portugal! Base em Vila Franca do Campo, ilha de S\u00e3o Miguel. Vigia de Baleia, Barcos e Equipa.","og_url":"https:\/\/www.azoreswhalewatch.com\/pt-pt\/operador-eco-tours","og_site_name":"TERRA AZUL\u2122","article_modified_time":"2025-11-12T00:49:17+00:00","og_image":[{"width":400,"height":400,"url":"https:\/\/www.azoreswhalewatch.com\/wp-content\/uploads\/400x400.jpg","type":"image\/jpeg"}],"twitter_card":"summary_large_image","schema":{"@context":"https:\/\/schema.org","@graph":[{"@type":"WebSite","@id":"https:\/\/www.azoreswhalewatch.com\/#website","url":"https:\/\/www.azoreswhalewatch.com\/","name":"TERRA AZUL\u2122","description":"Tours in S\u00e3o Miguel near Ponta Delgada - in Portugal!","potentialAction":[{"@type":"SearchAction","target":{"@type":"EntryPoint","urlTemplate":"https:\/\/www.azoreswhalewatch.com\/?s={search_term_string}"},"query-input":"required name=search_term_string"}],"inLanguage":"pt-PT"},{"@type":"ImageObject","@id":"https:\/\/www.azoreswhalewatch.com\/pt-pt\/operador-eco-tours#primaryimage","inLanguage":"pt-PT","url":"https:\/\/www.azoreswhalewatch.com\/wp-content\/uploads\/400x400.jpg","contentUrl":"https:\/\/www.azoreswhalewatch.com\/wp-content\/uploads\/400x400.jpg","width":400,"height":400,"caption":"Azores Whale Watching"},{"@type":["WebPage","AboutPage"],"@id":"https:\/\/www.azoreswhalewatch.com\/pt-pt\/operador-eco-tours#webpage","url":"https:\/\/www.azoreswhalewatch.com\/pt-pt\/operador-eco-tours","name":"Operador de EcoTurismo Terra Azul Azores Whale Watching","isPartOf":{"@id":"https:\/\/www.azoreswhalewatch.com\/#website"},"primaryImageOfPage":{"@id":"https:\/\/www.azoreswhalewatch.com\/pt-pt\/operador-eco-tours#primaryimage"},"datePublished":"2015-01-23T20:22:40+00:00","dateModified":"2025-11-12T00:49:17+00:00","description":"Operador de EcoTurismo nas ilhas dos A\u00e7ores, em Portugal! Base em Vila Franca do Campo, ilha de S\u00e3o Miguel. Vigia de Baleia, Barcos e Equipa.","breadcrumb":{"@id":"https:\/\/www.azoreswhalewatch.com\/pt-pt\/operador-eco-tours#breadcrumb"},"inLanguage":"pt-PT","potentialAction":[{"@type":"ReadAction","target":["https:\/\/www.azoreswhalewatch.com\/pt-pt\/operador-eco-tours"]}]},{"@type":"BreadcrumbList","@id":"https:\/\/www.azoreswhalewatch.com\/pt-pt\/operador-eco-tours#breadcrumb","itemListElement":[{"@type":"ListItem","position":1,"name":"In\u00edcio","item":"https:\/\/www.azoreswhalewatch.com\/pt-pt"},{"@type":"ListItem","position":2,"name":"Operador EcoTurismo"}]}]}},"_links":{"self":[{"href":"https:\/\/www.azoreswhalewatch.com\/pt-pt\/wp-json\/wp\/v2\/pages\/3296"}],"collection":[{"href":"https:\/\/www.azoreswhalewatch.com\/pt-pt\/wp-json\/wp\/v2\/pages"}],"about":[{"href":"https:\/\/www.azoreswhalewatch.com\/pt-pt\/wp-json\/wp\/v2\/types\/page"}],"author":[{"embeddable":true,"href":"https:\/\/www.azoreswhalewatch.com\/pt-pt\/wp-json\/wp\/v2\/users\/41"}],"replies":[{"embeddable":true,"href":"https:\/\/www.azoreswhalewatch.com\/pt-pt\/wp-json\/wp\/v2\/comments?post=3296"}],"version-history":[{"count":0,"href":"https:\/\/www.azoreswhalewatch.com\/pt-pt\/wp-json\/wp\/v2\/pages\/3296\/revisions"}],"wp:featuredmedia":[{"embeddable":true,"href":"https:\/\/www.azoreswhalewatch.com\/pt-pt\/wp-json\/wp\/v2\/media\/1792"}],"wp:attachment":[{"href":"https:\/\/www.azoreswhalewatch.com\/pt-pt\/wp-json\/wp\/v2\/media?parent=3296"}],"curies":[{"name":"wp","href":"https:\/\/api.w.org\/{rel}","templated":true}]}}